{"id":12629,"date":"2024-09-13T09:22:12","date_gmt":"2024-09-13T09:22:12","guid":{"rendered":"https:\/\/difrenos.com\/?post_type=product&#038;p=12629"},"modified":"2026-03-16T13:59:29","modified_gmt":"2026-03-16T13:59:29","slug":"juego-de-protectores-de-chasis-factory-racing-gas-gas","status":"publish","type":"product","link":"https:\/\/difrenos.com\/index.php\/producto\/juego-de-protectores-de-chasis-factory-racing-gas-gas\/","title":{"rendered":"JUEGO DE PROTECTORES DE CHASIS FACTORY RACING GAS GAS(A59003994000FB1)"},"content":{"rendered":"<p>JUEGO DE PROTECTORES DE CHASIS FACTORY RACING GAS GAS. Protege el chasis manteniendo el contorno delgado de la moto. Fabricaci\u00f3n con la \u00faltima tecnolog\u00eda de moldeado por inyecci\u00f3n de 2 componentes. Montaje directo en el chasis. Impide el desgaste del chasis producido por la suciedad, las ca\u00eddas o los roces con las botas.Protecci\u00f3n fiable de los valiosos componentes de la motocicleta. Mejor control gracias a un mejor contacto con la motocicleta<\/p>\n<p>GAS GAS EC 300 \u00b424-\u00b425<\/p>\n<p>&nbsp;<\/p>\n","protected":false},"excerpt":{"rendered":"<p>JUEGO DE PROTECTORES DE CHASIS FACTORY RACING GAS GAS. Protege el chasis manteniendo el contorno delgado de la moto. Fabricaci\u00f3n con la \u00faltima tecnolog\u00eda de moldeado por inyecci\u00f3n de 2 componentes. Montaje directo en el chasis. Impide el desgaste del chasis producido por la suciedad, las ca\u00eddas o los roces con las botas.Protecci\u00f3n fiable de [&hellip;]<\/p>\n","protected":false},"featured_media":12630,"template":"","meta":{"_et_pb_use_builder":"","_et_pb_old_content":"","_et_gb_content_width":""},"product_cat":[789,170],"product_tag":[],"_links":{"self":[{"href":"https:\/\/difrenos.com\/index.php\/wp-json\/wp\/v2\/product\/12629"}],"collection":[{"href":"https:\/\/difrenos.com\/index.php\/wp-json\/wp\/v2\/product"}],"about":[{"href":"https:\/\/difrenos.com\/index.php\/wp-json\/wp\/v2\/types\/product"}],"wp:featuredmedia":[{"embeddable":true,"href":"https:\/\/difrenos.com\/index.php\/wp-json\/wp\/v2\/media\/12630"}],"wp:attachment":[{"href":"https:\/\/difrenos.com\/index.php\/wp-json\/wp\/v2\/media?parent=12629"}],"wp:term":[{"taxonomy":"product_cat","embeddable":true,"href":"https:\/\/difrenos.com\/index.php\/wp-json\/wp\/v2\/product_cat?post=12629"},{"taxonomy":"product_tag","embeddable":true,"href":"https:\/\/difrenos.com\/index.php\/wp-json\/wp\/v2\/product_tag?post=12629"}],"curies":[{"name":"wp","href":"https:\/\/api.w.org\/{rel}","templated":true}]}}