{"id":12619,"date":"2024-09-12T16:53:27","date_gmt":"2024-09-12T16:53:27","guid":{"rendered":"https:\/\/difrenos.com\/?post_type=product&#038;p=12619"},"modified":"2026-03-17T12:50:02","modified_gmt":"2026-03-17T12:50:02","slug":"deposito-auxiliar-acerbis-manillar-2-1-litros","status":"publish","type":"product","link":"https:\/\/difrenos.com\/index.php\/producto\/deposito-auxiliar-acerbis-manillar-2-1-litros\/","title":{"rendered":"DEP\u00d3SITO AUXILIAR ACERBIS MANILLAR 2.1 LITROS"},"content":{"rendered":"<p>Dep\u00f3sito auxiliar Acerbis para instalaci\u00f3n en el manillar, con\u00a02.1 litros de capacidad. Incluye\u00a0kit de montaje.<\/p>\n<p>Medidas: 150 x 390 x 140 mm (alto x largo x ancho).<\/p>\n","protected":false},"excerpt":{"rendered":"<p>Dep\u00f3sito auxiliar Acerbis para instalaci\u00f3n en el manillar, con\u00a02.1 litros de capacidad. Incluye\u00a0kit de montaje. Medidas: 150 x 390 x 140 mm (alto x largo x ancho).<\/p>\n","protected":false},"featured_media":12620,"template":"","meta":{"_et_pb_use_builder":"","_et_pb_old_content":"","_et_gb_content_width":""},"product_cat":[799],"product_tag":[],"_links":{"self":[{"href":"https:\/\/difrenos.com\/index.php\/wp-json\/wp\/v2\/product\/12619"}],"collection":[{"href":"https:\/\/difrenos.com\/index.php\/wp-json\/wp\/v2\/product"}],"about":[{"href":"https:\/\/difrenos.com\/index.php\/wp-json\/wp\/v2\/types\/product"}],"wp:featuredmedia":[{"embeddable":true,"href":"https:\/\/difrenos.com\/index.php\/wp-json\/wp\/v2\/media\/12620"}],"wp:attachment":[{"href":"https:\/\/difrenos.com\/index.php\/wp-json\/wp\/v2\/media?parent=12619"}],"wp:term":[{"taxonomy":"product_cat","embeddable":true,"href":"https:\/\/difrenos.com\/index.php\/wp-json\/wp\/v2\/product_cat?post=12619"},{"taxonomy":"product_tag","embeddable":true,"href":"https:\/\/difrenos.com\/index.php\/wp-json\/wp\/v2\/product_tag?post=12619"}],"curies":[{"name":"wp","href":"https:\/\/api.w.org\/{rel}","templated":true}]}}