{"id":12615,"date":"2024-09-12T16:44:31","date_gmt":"2024-09-12T16:44:31","guid":{"rendered":"https:\/\/difrenos.com\/?post_type=product&#038;p=12615"},"modified":"2026-03-17T13:33:18","modified_gmt":"2026-03-17T13:33:18","slug":"protector-del-motor-husqvarna","status":"publish","type":"product","link":"https:\/\/difrenos.com\/index.php\/producto\/protector-del-motor-husqvarna\/","title":{"rendered":"PROTECTOR DEL MOTOR HUSQVARNA (24503990544)"},"content":{"rendered":"<p>Probado a conciencia para su uso en las condiciones m\u00e1s duras de conducci\u00f3n offroad. Montaje f\u00e1ci. lExtremadamente ligero. Extremadamente resistente. Fabricado en aluminio de alta resistencia. Acabados de la mayor calidad. Protecci\u00f3n m\u00e1s eficaz para el chasis y el motor. Se separa del chasis con apoyos de goma. Montaje directo en el chasis. Dise\u00f1o para encajar con precisi\u00f3n. Piezas laterales soldadas por dentro y por fuera. Grosor del material: 4 mm<\/p>\n<p>TC 250 \u00b417-\u00b418 \/ TE 250 \u00b417-\u00b419 \/ TE 300 \u00b417-\u00b419 \/ FE 501 \u00b418<\/p>\n","protected":false},"excerpt":{"rendered":"<p>Probado a conciencia para su uso en las condiciones m\u00e1s duras de conducci\u00f3n offroad. Montaje f\u00e1ci. lExtremadamente ligero. Extremadamente resistente. Fabricado en aluminio de alta resistencia. Acabados de la mayor calidad. Protecci\u00f3n m\u00e1s eficaz para el chasis y el motor. Se separa del chasis con apoyos de goma. Montaje directo en el chasis. Dise\u00f1o para [&hellip;]<\/p>\n","protected":false},"featured_media":12616,"template":"","meta":{"_et_pb_use_builder":"","_et_pb_old_content":"","_et_gb_content_width":""},"product_cat":[789],"product_tag":[],"_links":{"self":[{"href":"https:\/\/difrenos.com\/index.php\/wp-json\/wp\/v2\/product\/12615"}],"collection":[{"href":"https:\/\/difrenos.com\/index.php\/wp-json\/wp\/v2\/product"}],"about":[{"href":"https:\/\/difrenos.com\/index.php\/wp-json\/wp\/v2\/types\/product"}],"wp:featuredmedia":[{"embeddable":true,"href":"https:\/\/difrenos.com\/index.php\/wp-json\/wp\/v2\/media\/12616"}],"wp:attachment":[{"href":"https:\/\/difrenos.com\/index.php\/wp-json\/wp\/v2\/media?parent=12615"}],"wp:term":[{"taxonomy":"product_cat","embeddable":true,"href":"https:\/\/difrenos.com\/index.php\/wp-json\/wp\/v2\/product_cat?post=12615"},{"taxonomy":"product_tag","embeddable":true,"href":"https:\/\/difrenos.com\/index.php\/wp-json\/wp\/v2\/product_tag?post=12615"}],"curies":[{"name":"wp","href":"https:\/\/api.w.org\/{rel}","templated":true}]}}