{"id":12598,"date":"2024-09-12T15:23:30","date_gmt":"2024-09-12T15:23:30","guid":{"rendered":"https:\/\/difrenos.com\/?post_type=product&#038;p=12598"},"modified":"2026-03-17T11:01:20","modified_gmt":"2026-03-17T11:01:20","slug":"protector-del-basculante-husqvarna-gas-gas","status":"publish","type":"product","link":"https:\/\/difrenos.com\/index.php\/producto\/protector-del-basculante-husqvarna-gas-gas\/","title":{"rendered":"PROTECTOR DEL BASCULANTE HUSQVARNA\/GAS GAS (7720499410030)"},"content":{"rendered":"<p>PROTECTOR DEL BASCULANTE HUSQVARNA\/GAS GAS. Para olvidarse de los ara\u00f1azos antiest\u00e9ticos o de zonas mate en el basculante. Evita da\u00f1os en caso de ca\u00edda.<\/p>\n<p>HUSQVARNA TE 250\/300 \u00b415-\u00b423<\/p>\n<p>GAS GAS EC 250\/300 \u00b421-\u00b423<\/p>\n","protected":false},"excerpt":{"rendered":"<p>PROTECTOR DEL BASCULANTE HUSQVARNA\/GAS GAS. Para olvidarse de los ara\u00f1azos antiest\u00e9ticos o de zonas mate en el basculante. Evita da\u00f1os en caso de ca\u00edda. HUSQVARNA TE 250\/300 \u00b415-\u00b423 GAS GAS EC 250\/300 \u00b421-\u00b423<\/p>\n","protected":false},"featured_media":12599,"template":"","meta":{"_et_pb_use_builder":"","_et_pb_old_content":"","_et_gb_content_width":""},"product_cat":[789],"product_tag":[],"_links":{"self":[{"href":"https:\/\/difrenos.com\/index.php\/wp-json\/wp\/v2\/product\/12598"}],"collection":[{"href":"https:\/\/difrenos.com\/index.php\/wp-json\/wp\/v2\/product"}],"about":[{"href":"https:\/\/difrenos.com\/index.php\/wp-json\/wp\/v2\/types\/product"}],"wp:featuredmedia":[{"embeddable":true,"href":"https:\/\/difrenos.com\/index.php\/wp-json\/wp\/v2\/media\/12599"}],"wp:attachment":[{"href":"https:\/\/difrenos.com\/index.php\/wp-json\/wp\/v2\/media?parent=12598"}],"wp:term":[{"taxonomy":"product_cat","embeddable":true,"href":"https:\/\/difrenos.com\/index.php\/wp-json\/wp\/v2\/product_cat?post=12598"},{"taxonomy":"product_tag","embeddable":true,"href":"https:\/\/difrenos.com\/index.php\/wp-json\/wp\/v2\/product_tag?post=12598"}],"curies":[{"name":"wp","href":"https:\/\/api.w.org\/{rel}","templated":true}]}}