{"id":12595,"date":"2024-09-12T14:53:29","date_gmt":"2024-09-12T14:53:29","guid":{"rendered":"https:\/\/difrenos.com\/?post_type=product&#038;p=12595"},"modified":"2025-12-19T13:27:35","modified_gmt":"2025-12-19T13:27:35","slug":"proteccion-de-basculante-husqvarna-gas-gas","status":"publish","type":"product","link":"https:\/\/difrenos.com\/index.php\/producto\/proteccion-de-basculante-husqvarna-gas-gas\/","title":{"rendered":"PROTECCION DE BASCULANTE HUSQVARNA\/GAS GAS (A46004946044)"},"content":{"rendered":"<p>PROTECCION DE BASCULANTE HUSQVARNA\/GAS GAS. Para olvidarse de los ara\u00f1azos antiest\u00e9ticos o de zonas mate en el basculante. Evita da\u00f1os en caso de ca\u00edda.<\/p>\n<p>HUSQVARNA FE 250 \u00b424-\u00b425 \/ TE 250 \u00b424-\u00b425 \/ FE 350 \u00b423-\u00b425 \/ TE 250 \u00b424-\u00b425 \/ TC 125 \u00b423-\u00b425 \/ TE\u00a0 150 \u00b424-\u00b425 \/ FC 250 \u00b423-\u00b425 \/\u00a0 TC 250 \u00b424-\u00b425 \/ FE 450 \u00b424-\u00b425 \/ FC 450 \u00b424-\u00b425 \/ TE 300 \u00b424-\u00b425 \/ FE 501 \u00b424-\u00b425 \/<\/p>\n<p>GAS GAS EC 250\/300 \u00b424-\u00b425 \/ MC 125 \u00b424-\u00b425 \/ MC 150 \u00b425 \/ EC 125 \u00b425 \/ MC 250 F \u00b424-\u00b425 \/ EC 250 F \u00b424-\u00b425 \/ MC 350 F \u00b424-\u00b425 \/ MC 450 F \u00b424-\u00b425 \/ EC 500 F \u00b424-\u00b425 \/<\/p>\n","protected":false},"excerpt":{"rendered":"<p>PROTECCION DE BASCULANTE HUSQVARNA\/GAS GAS. Para olvidarse de los ara\u00f1azos antiest\u00e9ticos o de zonas mate en el basculante. Evita da\u00f1os en caso de ca\u00edda. HUSQVARNA FE 250 \u00b424-\u00b425 \/ TE 250 \u00b424-\u00b425 \/ FE 350 \u00b423-\u00b425 \/ TE 250 \u00b424-\u00b425 \/ TC 125 \u00b423-\u00b425 \/ TE\u00a0 150 \u00b424-\u00b425 \/ FC 250 \u00b423-\u00b425 \/\u00a0 TC 250 [&hellip;]<\/p>\n","protected":false},"featured_media":12596,"template":"","meta":{"_et_pb_use_builder":"","_et_pb_old_content":"","_et_gb_content_width":""},"product_cat":[789],"product_tag":[],"_links":{"self":[{"href":"https:\/\/difrenos.com\/index.php\/wp-json\/wp\/v2\/product\/12595"}],"collection":[{"href":"https:\/\/difrenos.com\/index.php\/wp-json\/wp\/v2\/product"}],"about":[{"href":"https:\/\/difrenos.com\/index.php\/wp-json\/wp\/v2\/types\/product"}],"wp:featuredmedia":[{"embeddable":true,"href":"https:\/\/difrenos.com\/index.php\/wp-json\/wp\/v2\/media\/12596"}],"wp:attachment":[{"href":"https:\/\/difrenos.com\/index.php\/wp-json\/wp\/v2\/media?parent=12595"}],"wp:term":[{"taxonomy":"product_cat","embeddable":true,"href":"https:\/\/difrenos.com\/index.php\/wp-json\/wp\/v2\/product_cat?post=12595"},{"taxonomy":"product_tag","embeddable":true,"href":"https:\/\/difrenos.com\/index.php\/wp-json\/wp\/v2\/product_tag?post=12595"}],"curies":[{"name":"wp","href":"https:\/\/api.w.org\/{rel}","templated":true}]}}