{"id":12579,"date":"2024-09-12T08:43:05","date_gmt":"2024-09-12T08:43:05","guid":{"rendered":"https:\/\/difrenos.com\/?post_type=product&#038;p=12579"},"modified":"2026-03-20T11:19:47","modified_gmt":"2026-03-20T11:19:47","slug":"escape-2t-fmf-fatty-husqvarna-gas-gas","status":"publish","type":"product","link":"https:\/\/difrenos.com\/index.php\/producto\/escape-2t-fmf-fatty-husqvarna-gas-gas\/","title":{"rendered":"ESCAPE 2T FMF FATTY HUSQVARNA\/GAS GAS"},"content":{"rendered":"<p>ESCAPE 2T FMF FATTY HUSQVARNA\/GAS GAS. Chapa de acero extrafuerte. Superficie niquelada. Rango del r\u00e9gimen de revoluciones amplio y homog\u00e9neo. R\u00e9gimen de revoluciones m\u00e1s alto. Mayor tracci\u00f3n. Mejor control de la aceleraci\u00f3n.<\/p>\n<p>HUSQVARNA TC 250 \u00b419-\u00b423 \/ TE 250 \u00b423 \/ TE 250I \u00b420-\u00b422 \/ TE 300I \u00b420-\u00b422 \/ TE 300 \u00b423<\/p>\n<p>GAS GAS MC 250 \u00b422-\u00b423 \/ EC 250 \u00b421-\u00b423 \/ EC 300 \u00b421-\u00b423<\/p>\n","protected":false},"excerpt":{"rendered":"<p>ESCAPE 2T FMF FATTY HUSQVARNA\/GAS GAS. Chapa de acero extrafuerte. Superficie niquelada. Rango del r\u00e9gimen de revoluciones amplio y homog\u00e9neo. R\u00e9gimen de revoluciones m\u00e1s alto. Mayor tracci\u00f3n. Mejor control de la aceleraci\u00f3n. HUSQVARNA TC 250 \u00b419-\u00b423 \/ TE 250 \u00b423 \/ TE 250I \u00b420-\u00b422 \/ TE 300I \u00b420-\u00b422 \/ TE 300 \u00b423 GAS GAS MC [&hellip;]<\/p>\n","protected":false},"featured_media":12580,"template":"","meta":{"_et_pb_use_builder":"","_et_pb_old_content":"","_et_gb_content_width":""},"product_cat":[761],"product_tag":[],"_links":{"self":[{"href":"https:\/\/difrenos.com\/index.php\/wp-json\/wp\/v2\/product\/12579"}],"collection":[{"href":"https:\/\/difrenos.com\/index.php\/wp-json\/wp\/v2\/product"}],"about":[{"href":"https:\/\/difrenos.com\/index.php\/wp-json\/wp\/v2\/types\/product"}],"wp:featuredmedia":[{"embeddable":true,"href":"https:\/\/difrenos.com\/index.php\/wp-json\/wp\/v2\/media\/12580"}],"wp:attachment":[{"href":"https:\/\/difrenos.com\/index.php\/wp-json\/wp\/v2\/media?parent=12579"}],"wp:term":[{"taxonomy":"product_cat","embeddable":true,"href":"https:\/\/difrenos.com\/index.php\/wp-json\/wp\/v2\/product_cat?post=12579"},{"taxonomy":"product_tag","embeddable":true,"href":"https:\/\/difrenos.com\/index.php\/wp-json\/wp\/v2\/product_tag?post=12579"}],"curies":[{"name":"wp","href":"https:\/\/api.w.org\/{rel}","templated":true}]}}