{"id":12575,"date":"2024-09-12T08:15:34","date_gmt":"2024-09-12T08:15:34","guid":{"rendered":"https:\/\/difrenos.com\/?post_type=product&#038;p=12575"},"modified":"2026-03-19T14:09:03","modified_gmt":"2026-03-19T14:09:03","slug":"silenciador-remus-slip-on-gas-gas-700","status":"publish","type":"product","link":"https:\/\/difrenos.com\/index.php\/producto\/silenciador-remus-slip-on-gas-gas-700\/","title":{"rendered":"SILENCIADOR REMUS SLIP-ON GAS GAS 700"},"content":{"rendered":"<p>SILENCIADOR REMUS SLIP-ON GAS GAS 700 \u00b422\u00b4-24. No requiere nuevo mapping del motor.Sonido deportivo. \u00d3ptima combinaci\u00f3n de ahorro de peso, durabilidad y relaci\u00f3n calidad-precio. Acabados de la mayor calidad. Logotipo grabado. Montaje plug &amp; play. Homologado, incluye catalizador.<\/p>\n","protected":false},"excerpt":{"rendered":"<p>SILENCIADOR REMUS SLIP-ON GAS GAS 700 \u00b422\u00b4-24. No requiere nuevo mapping del motor.Sonido deportivo. \u00d3ptima combinaci\u00f3n de ahorro de peso, durabilidad y relaci\u00f3n calidad-precio. Acabados de la mayor calidad. Logotipo grabado. Montaje plug &amp; play. Homologado, incluye catalizador.<\/p>\n","protected":false},"featured_media":12574,"template":"","meta":{"_et_pb_use_builder":"","_et_pb_old_content":"","_et_gb_content_width":""},"product_cat":[761],"product_tag":[],"_links":{"self":[{"href":"https:\/\/difrenos.com\/index.php\/wp-json\/wp\/v2\/product\/12575"}],"collection":[{"href":"https:\/\/difrenos.com\/index.php\/wp-json\/wp\/v2\/product"}],"about":[{"href":"https:\/\/difrenos.com\/index.php\/wp-json\/wp\/v2\/types\/product"}],"wp:featuredmedia":[{"embeddable":true,"href":"https:\/\/difrenos.com\/index.php\/wp-json\/wp\/v2\/media\/12574"}],"wp:attachment":[{"href":"https:\/\/difrenos.com\/index.php\/wp-json\/wp\/v2\/media?parent=12575"}],"wp:term":[{"taxonomy":"product_cat","embeddable":true,"href":"https:\/\/difrenos.com\/index.php\/wp-json\/wp\/v2\/product_cat?post=12575"},{"taxonomy":"product_tag","embeddable":true,"href":"https:\/\/difrenos.com\/index.php\/wp-json\/wp\/v2\/product_tag?post=12575"}],"curies":[{"name":"wp","href":"https:\/\/api.w.org\/{rel}","templated":true}]}}