{"id":12567,"date":"2024-09-11T17:13:46","date_gmt":"2024-09-11T17:13:46","guid":{"rendered":"https:\/\/difrenos.com\/?post_type=product&#038;p=12567"},"modified":"2026-03-17T10:30:15","modified_gmt":"2026-03-17T10:30:15","slug":"proteccion-de-cilindro-receptor-del-embrague-husqvarna","status":"publish","type":"product","link":"https:\/\/difrenos.com\/index.php\/producto\/proteccion-de-cilindro-receptor-del-embrague-husqvarna\/","title":{"rendered":"PROTECCI\u00d3N DE CILINDRO RECEPTOR DEL EMBRAGUE HUSQVARNA(24532975044)"},"content":{"rendered":"<p>PROTECCI\u00d3N DE CILINDRO RECEPTOR DEL EMBRAGUE HUSQVARNA.<\/p>\n<p>De aluminio de alta calidad, mecanizado. La protecci\u00f3n m\u00e1s eficaz para el cilindro receptor del embrague. Evita que se produzcan da\u00f1os en el c\u00e1rter si se desgarra la cadena. No quedan atrapadas piedras entre la cadena y el c\u00e1rter (protege el material). Evita da\u00f1os en caso de ca\u00edda.<\/p>\n<p>TC 250 2017 2018 2019 2020 2021 2022 TE 250 2017 2018\u00a0 TE 250i 2018 2019 2020 2021 TX 300 2017 2018 2019\u00a0 TX 300i 2020 2021\u00a0 TE 300 2017 TE 300i 2018 2019 2020 2021\u00a0 TE 300i Jarvis Edition 2020\u00a0 \u00a0TE 300i Rockstar Edition 2021\u00a0 TE 300 2017 TE 300 2018 TE 300 2017 TE 300 2018 TE 300i 2019 TE 300i 2020\u00a0 TE 300i Jarvis Edition 2020 TE 300i 2021\u00a0 TE 300i Rockstar Edition 2021<\/p>\n","protected":false},"excerpt":{"rendered":"<p>PROTECCI\u00d3N DE CILINDRO RECEPTOR DEL EMBRAGUE HUSQVARNA. De aluminio de alta calidad, mecanizado. La protecci\u00f3n m\u00e1s eficaz para el cilindro receptor del embrague. Evita que se produzcan da\u00f1os en el c\u00e1rter si se desgarra la cadena. No quedan atrapadas piedras entre la cadena y el c\u00e1rter (protege el material). Evita da\u00f1os en caso de ca\u00edda. [&hellip;]<\/p>\n","protected":false},"featured_media":12568,"template":"","meta":{"_et_pb_use_builder":"","_et_pb_old_content":"","_et_gb_content_width":""},"product_cat":[789],"product_tag":[],"_links":{"self":[{"href":"https:\/\/difrenos.com\/index.php\/wp-json\/wp\/v2\/product\/12567"}],"collection":[{"href":"https:\/\/difrenos.com\/index.php\/wp-json\/wp\/v2\/product"}],"about":[{"href":"https:\/\/difrenos.com\/index.php\/wp-json\/wp\/v2\/types\/product"}],"wp:featuredmedia":[{"embeddable":true,"href":"https:\/\/difrenos.com\/index.php\/wp-json\/wp\/v2\/media\/12568"}],"wp:attachment":[{"href":"https:\/\/difrenos.com\/index.php\/wp-json\/wp\/v2\/media?parent=12567"}],"wp:term":[{"taxonomy":"product_cat","embeddable":true,"href":"https:\/\/difrenos.com\/index.php\/wp-json\/wp\/v2\/product_cat?post=12567"},{"taxonomy":"product_tag","embeddable":true,"href":"https:\/\/difrenos.com\/index.php\/wp-json\/wp\/v2\/product_tag?post=12567"}],"curies":[{"name":"wp","href":"https:\/\/api.w.org\/{rel}","templated":true}]}}