{"id":12563,"date":"2024-09-11T16:41:37","date_gmt":"2024-09-11T16:41:37","guid":{"rendered":"https:\/\/difrenos.com\/?post_type=product&#038;p=12563"},"modified":"2025-12-01T19:10:28","modified_gmt":"2025-12-01T19:10:28","slug":"protector-basculante-magnetico-acerbis-rojo","status":"publish","type":"product","link":"https:\/\/difrenos.com\/index.php\/producto\/protector-basculante-magnetico-acerbis-rojo\/","title":{"rendered":"PROTECTOR BASCULANTE MAGNETICO ACERBIS ROJO (0024875.225)"},"content":{"rendered":"<ul>\n<li>Protector de basculante fabricado en material pl\u00e1stico de alta resistencia.<\/li>\n<li>La funci\u00f3n principal del im\u00e1n Teket es proteger el basculante de la moto de los impactos con obst\u00e1culos externos como piedras, ramas, etc., que provocan ara\u00f1azos y\/o rozaduras profundas en el basculante.<\/li>\n<li>Se fija mediante imanes y el\u00e1sticos, lo que permite retirar la protecci\u00f3n del basculante en pocos segundos, siempre que el basculante necesite ser lavado y\/o mantenido.<\/li>\n<li>Montaje intuitivo e inmediato en pocos segundos.<\/li>\n<li>Materiales: Nylon 86%, acero 10%, otros 4%.<\/li>\n<li>GAS GAS EC 250\/300 \u00b421-\u00b423<\/li>\n<li>GAS GAS EC 250\/300 F \u00b421-\u00b423<\/li>\n<li>GAS GAS MC 125 \u00b421-\u00b423<\/li>\n<li>GAS GAS MC 250 \u00b422-\u00b423<\/li>\n<li>GAS GAS MC 350 F \u00b422-\u00b423<\/li>\n<li>GAS GAS MC 450F \u00b421\u00b4-23<\/li>\n<\/ul>\n","protected":false},"excerpt":{"rendered":"<p>Protector de basculante fabricado en material pl\u00e1stico de alta resistencia. La funci\u00f3n principal del im\u00e1n Teket es proteger el basculante de la moto de los impactos con obst\u00e1culos externos como piedras, ramas, etc., que provocan ara\u00f1azos y\/o rozaduras profundas en el basculante. Se fija mediante imanes y el\u00e1sticos, lo que permite retirar la protecci\u00f3n del [&hellip;]<\/p>\n","protected":false},"featured_media":12564,"template":"","meta":{"_et_pb_use_builder":"","_et_pb_old_content":"","_et_gb_content_width":""},"product_cat":[789,170],"product_tag":[],"_links":{"self":[{"href":"https:\/\/difrenos.com\/index.php\/wp-json\/wp\/v2\/product\/12563"}],"collection":[{"href":"https:\/\/difrenos.com\/index.php\/wp-json\/wp\/v2\/product"}],"about":[{"href":"https:\/\/difrenos.com\/index.php\/wp-json\/wp\/v2\/types\/product"}],"wp:featuredmedia":[{"embeddable":true,"href":"https:\/\/difrenos.com\/index.php\/wp-json\/wp\/v2\/media\/12564"}],"wp:attachment":[{"href":"https:\/\/difrenos.com\/index.php\/wp-json\/wp\/v2\/media?parent=12563"}],"wp:term":[{"taxonomy":"product_cat","embeddable":true,"href":"https:\/\/difrenos.com\/index.php\/wp-json\/wp\/v2\/product_cat?post=12563"},{"taxonomy":"product_tag","embeddable":true,"href":"https:\/\/difrenos.com\/index.php\/wp-json\/wp\/v2\/product_tag?post=12563"}],"curies":[{"name":"wp","href":"https:\/\/api.w.org\/{rel}","templated":true}]}}