{"id":12546,"date":"2024-09-11T10:45:16","date_gmt":"2024-09-11T10:45:16","guid":{"rendered":"https:\/\/difrenos.com\/?post_type=product&#038;p=12546"},"modified":"2025-12-19T13:28:23","modified_gmt":"2025-12-19T13:28:23","slug":"maneta-de-embrague-gas-gas","status":"publish","type":"product","link":"https:\/\/difrenos.com\/index.php\/producto\/maneta-de-embrague-gas-gas\/","title":{"rendered":"MANETA DE EMBRAGUE GAS GAS"},"content":{"rendered":"<p>MANETA DE EMBRAGUE GAS GAS. De aluminio de alta calidad, mecanizado. Superficie anodizada de aspecto elegante. Aspecto est\u00e9tico destacado con un valor a\u00f1adido en t\u00e9cnica y ergonom\u00eda. Apertura ajustable. Forma ergon\u00f3mica perfecta como resultado de la vasta experiencia en carreras. Adecuado para todos los conjuntos de maneta de embrague hidr\u00e1ulicos Brembo\u00ae.<\/p>\n<p>MC 125 2021 2022 2023\u00a0 MC 250F 2021 2022 2023 EX 250F 2021 2022 2023\u00a0 MC 450F 2021 2022 2023 MC 250 2022 2023\u00a0 MC 450F Troy Lee Designs 2022\u00a0 MC 350F 2022 2023\u00a0 EX 350F 2021 2022 2023\u00a0 EX 450F 2022 EX 250 2022 2023 EX 450F 2023 EX 300 2021 2022 2023<\/p>\n","protected":false},"excerpt":{"rendered":"<p>MANETA DE EMBRAGUE GAS GAS. De aluminio de alta calidad, mecanizado. Superficie anodizada de aspecto elegante. Aspecto est\u00e9tico destacado con un valor a\u00f1adido en t\u00e9cnica y ergonom\u00eda. Apertura ajustable. Forma ergon\u00f3mica perfecta como resultado de la vasta experiencia en carreras. Adecuado para todos los conjuntos de maneta de embrague hidr\u00e1ulicos Brembo\u00ae. MC 125 2021 2022 [&hellip;]<\/p>\n","protected":false},"featured_media":12548,"template":"","meta":{"_et_pb_use_builder":"","_et_pb_old_content":"","_et_gb_content_width":""},"product_cat":[806,170],"product_tag":[],"_links":{"self":[{"href":"https:\/\/difrenos.com\/index.php\/wp-json\/wp\/v2\/product\/12546"}],"collection":[{"href":"https:\/\/difrenos.com\/index.php\/wp-json\/wp\/v2\/product"}],"about":[{"href":"https:\/\/difrenos.com\/index.php\/wp-json\/wp\/v2\/types\/product"}],"wp:featuredmedia":[{"embeddable":true,"href":"https:\/\/difrenos.com\/index.php\/wp-json\/wp\/v2\/media\/12548"}],"wp:attachment":[{"href":"https:\/\/difrenos.com\/index.php\/wp-json\/wp\/v2\/media?parent=12546"}],"wp:term":[{"taxonomy":"product_cat","embeddable":true,"href":"https:\/\/difrenos.com\/index.php\/wp-json\/wp\/v2\/product_cat?post=12546"},{"taxonomy":"product_tag","embeddable":true,"href":"https:\/\/difrenos.com\/index.php\/wp-json\/wp\/v2\/product_tag?post=12546"}],"curies":[{"name":"wp","href":"https:\/\/api.w.org\/{rel}","templated":true}]}}