{"id":12532,"date":"2024-09-11T09:07:24","date_gmt":"2024-09-11T09:07:24","guid":{"rendered":"https:\/\/difrenos.com\/?post_type=product&#038;p=12532"},"modified":"2026-03-20T13:33:16","modified_gmt":"2026-03-20T13:33:16","slug":"kit-de-graficos-factory-gas-gas","status":"publish","type":"product","link":"https:\/\/difrenos.com\/index.php\/producto\/kit-de-graficos-factory-gas-gas\/","title":{"rendered":"KIT DE GR\u00c1FICOS FACTORY GAS GAS"},"content":{"rendered":"<p>KIT DE GR\u00c1FICOS FACTORY GAS GAS. Dise\u00f1ado para cambiar completamente el aspecto original de tu motocicleta. Pega el kit de gr\u00e1ficos directamente sobre las piezas del carenado de serie. Se puede volver a quitar sin dejar restos. Fabricaci\u00f3n con materiales de la m\u00e1s alta calidad. Aspecto est\u00e9tico destacado. Adaptaci\u00f3n perfecta. Personaliza el aspecto de tu motocicleta. Est\u00e9tica de competici\u00f3n.<\/p>\n<p>EC 250\/300 \u00b421-\u00b423 \/\u00a0MC 125 \u00b421-\u00b423 \/<\/p>\n","protected":false},"excerpt":{"rendered":"<p>KIT DE GR\u00c1FICOS FACTORY GAS GAS. Dise\u00f1ado para cambiar completamente el aspecto original de tu motocicleta. Pega el kit de gr\u00e1ficos directamente sobre las piezas del carenado de serie. Se puede volver a quitar sin dejar restos. Fabricaci\u00f3n con materiales de la m\u00e1s alta calidad. Aspecto est\u00e9tico destacado. Adaptaci\u00f3n perfecta. Personaliza el aspecto de tu [&hellip;]<\/p>\n","protected":false},"featured_media":12533,"template":"","meta":{"_et_pb_use_builder":"","_et_pb_old_content":"","_et_gb_content_width":""},"product_cat":[785],"product_tag":[],"_links":{"self":[{"href":"https:\/\/difrenos.com\/index.php\/wp-json\/wp\/v2\/product\/12532"}],"collection":[{"href":"https:\/\/difrenos.com\/index.php\/wp-json\/wp\/v2\/product"}],"about":[{"href":"https:\/\/difrenos.com\/index.php\/wp-json\/wp\/v2\/types\/product"}],"wp:featuredmedia":[{"embeddable":true,"href":"https:\/\/difrenos.com\/index.php\/wp-json\/wp\/v2\/media\/12533"}],"wp:attachment":[{"href":"https:\/\/difrenos.com\/index.php\/wp-json\/wp\/v2\/media?parent=12532"}],"wp:term":[{"taxonomy":"product_cat","embeddable":true,"href":"https:\/\/difrenos.com\/index.php\/wp-json\/wp\/v2\/product_cat?post=12532"},{"taxonomy":"product_tag","embeddable":true,"href":"https:\/\/difrenos.com\/index.php\/wp-json\/wp\/v2\/product_tag?post=12532"}],"curies":[{"name":"wp","href":"https:\/\/api.w.org\/{rel}","templated":true}]}}