{"id":12524,"date":"2024-09-11T08:35:54","date_gmt":"2024-09-11T08:35:54","guid":{"rendered":"https:\/\/difrenos.com\/?post_type=product&#038;p=12524"},"modified":"2026-03-13T09:25:34","modified_gmt":"2026-03-13T09:25:34","slug":"kit-de-adhesivos-de-proteccion-del-deposito-de-gasolina-norden","status":"publish","type":"product","link":"https:\/\/difrenos.com\/index.php\/producto\/kit-de-adhesivos-de-proteccion-del-deposito-de-gasolina-norden\/","title":{"rendered":"KIT DE ADHESIVOS DE PROTECCI\u00d3N DEL DEP\u00d3SITO DE GASOLINA NORDEN(22107997000)"},"content":{"rendered":"<p>KIT DE ADHESIVOS DE PROTECCI\u00d3N DEL DEP\u00d3SITO DE GASOLINA NORDEN 901 \u00b423-\u00b424. Protecci\u00f3n duradera para la pintura en puntos del dep\u00f3sito sujetos a fuerte desgaste. Fabricado de una l\u00e1mina base el\u00e1stica de alta calidad. Ya no habr\u00e1 rasgu\u00f1os antiest\u00e9ticos ni zonas sin brillo en las superficies laterales del dep\u00f3sito. Superficie estructurada para una mejor sujeci\u00f3n. Adaptaci\u00f3n perfecta<\/p>\n","protected":false},"excerpt":{"rendered":"<p>KIT DE ADHESIVOS DE PROTECCI\u00d3N DEL DEP\u00d3SITO DE GASOLINA NORDEN 901 \u00b423-\u00b424. Protecci\u00f3n duradera para la pintura en puntos del dep\u00f3sito sujetos a fuerte desgaste. Fabricado de una l\u00e1mina base el\u00e1stica de alta calidad. Ya no habr\u00e1 rasgu\u00f1os antiest\u00e9ticos ni zonas sin brillo en las superficies laterales del dep\u00f3sito. Superficie estructurada para una mejor sujeci\u00f3n. [&hellip;]<\/p>\n","protected":false},"featured_media":12525,"template":"","meta":{"_et_pb_use_builder":"","_et_pb_old_content":"","_et_gb_content_width":""},"product_cat":[789],"product_tag":[],"_links":{"self":[{"href":"https:\/\/difrenos.com\/index.php\/wp-json\/wp\/v2\/product\/12524"}],"collection":[{"href":"https:\/\/difrenos.com\/index.php\/wp-json\/wp\/v2\/product"}],"about":[{"href":"https:\/\/difrenos.com\/index.php\/wp-json\/wp\/v2\/types\/product"}],"wp:featuredmedia":[{"embeddable":true,"href":"https:\/\/difrenos.com\/index.php\/wp-json\/wp\/v2\/media\/12525"}],"wp:attachment":[{"href":"https:\/\/difrenos.com\/index.php\/wp-json\/wp\/v2\/media?parent=12524"}],"wp:term":[{"taxonomy":"product_cat","embeddable":true,"href":"https:\/\/difrenos.com\/index.php\/wp-json\/wp\/v2\/product_cat?post=12524"},{"taxonomy":"product_tag","embeddable":true,"href":"https:\/\/difrenos.com\/index.php\/wp-json\/wp\/v2\/product_tag?post=12524"}],"curies":[{"name":"wp","href":"https:\/\/api.w.org\/{rel}","templated":true}]}}