{"id":12504,"date":"2024-09-10T14:19:13","date_gmt":"2024-09-10T14:19:13","guid":{"rendered":"https:\/\/difrenos.com\/?post_type=product&#038;p=12504"},"modified":"2025-10-11T11:35:43","modified_gmt":"2025-10-11T11:35:43","slug":"protector-escape-2t-husqvarna","status":"publish","type":"product","link":"https:\/\/difrenos.com\/index.php\/producto\/protector-escape-2t-husqvarna\/","title":{"rendered":"PROTECTOR ESCAPE 2T HUSQVARNA"},"content":{"rendered":"<p>PROTECTOR ESCAPE 2T HUSQVARNA. Extrema ligereza: un 80 % m\u00e1s ligero que el acero de igual resistencia. Muy resistente: 4 veces m\u00e1s capacidad de carga que el aluminio. Rigidez y firmeza superiores. Sin corrosi\u00f3nAlta y permanente resistencia al calor. Escasa dilataci\u00f3n por calor. Y no olvidemos que tiene un aspecto estupendo. Protecci\u00f3n ultraligera de carbono para darle larga vida a tu escape. Cubre una gran superficie, la protecci\u00f3n ideal contra piedras y ramas que saltan.<\/p>\n<p>TC 250 2014 2015 2016 TE 250 Limited Edition 2014 TE 250 2015 2016 TE 250 Limited Edition 2014 TE 300 Limited Edition 2014 TE 300 2015\u00a0 TE 300 2016\u00a0 TE 300 Limited Edition 2014 TE 300 2015 TE 300 2016 TE 300 Limited Edition 2014 TE 300 2015 2016<\/p>\n<p>&nbsp;<\/p>\n","protected":false},"excerpt":{"rendered":"<p>PROTECTOR ESCAPE 2T HUSQVARNA. Extrema ligereza: un 80 % m\u00e1s ligero que el acero de igual resistencia. Muy resistente: 4 veces m\u00e1s capacidad de carga que el aluminio. Rigidez y firmeza superiores. Sin corrosi\u00f3nAlta y permanente resistencia al calor. Escasa dilataci\u00f3n por calor. Y no olvidemos que tiene un aspecto estupendo. Protecci\u00f3n ultraligera de carbono [&hellip;]<\/p>\n","protected":false},"featured_media":12505,"template":"","meta":{"_et_pb_use_builder":"","_et_pb_old_content":"","_et_gb_content_width":""},"product_cat":[789],"product_tag":[],"_links":{"self":[{"href":"https:\/\/difrenos.com\/index.php\/wp-json\/wp\/v2\/product\/12504"}],"collection":[{"href":"https:\/\/difrenos.com\/index.php\/wp-json\/wp\/v2\/product"}],"about":[{"href":"https:\/\/difrenos.com\/index.php\/wp-json\/wp\/v2\/types\/product"}],"wp:featuredmedia":[{"embeddable":true,"href":"https:\/\/difrenos.com\/index.php\/wp-json\/wp\/v2\/media\/12505"}],"wp:attachment":[{"href":"https:\/\/difrenos.com\/index.php\/wp-json\/wp\/v2\/media?parent=12504"}],"wp:term":[{"taxonomy":"product_cat","embeddable":true,"href":"https:\/\/difrenos.com\/index.php\/wp-json\/wp\/v2\/product_cat?post=12504"},{"taxonomy":"product_tag","embeddable":true,"href":"https:\/\/difrenos.com\/index.php\/wp-json\/wp\/v2\/product_tag?post=12504"}],"curies":[{"name":"wp","href":"https:\/\/api.w.org\/{rel}","templated":true}]}}