{"id":12502,"date":"2024-09-10T14:06:07","date_gmt":"2024-09-10T14:06:07","guid":{"rendered":"https:\/\/difrenos.com\/?post_type=product&#038;p=12502"},"modified":"2026-03-20T13:40:30","modified_gmt":"2026-03-20T13:40:30","slug":"cubrecarter-husqvarna-701","status":"publish","type":"product","link":"https:\/\/difrenos.com\/index.php\/producto\/cubrecarter-husqvarna-701\/","title":{"rendered":"CUBRECARTER HUSQVARNA 701 (27003990044)"},"content":{"rendered":"<p>CUBRECARTER HUSQVARNA 701 A PARTIR DEL 2016. Excelente protecci\u00f3n para el c\u00e1rter y el colector. Fabricado en aluminio de alta resistencia. Acabados de la mayor calidad. Protecci\u00f3n \u00f3ptima contra el impacto de piedras. Protecci\u00f3n contra da\u00f1os derivados de ca\u00eddas.<\/p>\n","protected":false},"excerpt":{"rendered":"<p>CUBRECARTER HUSQVARNA 701 A PARTIR DEL 2016. Excelente protecci\u00f3n para el c\u00e1rter y el colector. Fabricado en aluminio de alta resistencia. Acabados de la mayor calidad. Protecci\u00f3n \u00f3ptima contra el impacto de piedras. Protecci\u00f3n contra da\u00f1os derivados de ca\u00eddas.<\/p>\n","protected":false},"featured_media":12503,"template":"","meta":{"_et_pb_use_builder":"","_et_pb_old_content":"","_et_gb_content_width":""},"product_cat":[789],"product_tag":[],"_links":{"self":[{"href":"https:\/\/difrenos.com\/index.php\/wp-json\/wp\/v2\/product\/12502"}],"collection":[{"href":"https:\/\/difrenos.com\/index.php\/wp-json\/wp\/v2\/product"}],"about":[{"href":"https:\/\/difrenos.com\/index.php\/wp-json\/wp\/v2\/types\/product"}],"wp:featuredmedia":[{"embeddable":true,"href":"https:\/\/difrenos.com\/index.php\/wp-json\/wp\/v2\/media\/12503"}],"wp:attachment":[{"href":"https:\/\/difrenos.com\/index.php\/wp-json\/wp\/v2\/media?parent=12502"}],"wp:term":[{"taxonomy":"product_cat","embeddable":true,"href":"https:\/\/difrenos.com\/index.php\/wp-json\/wp\/v2\/product_cat?post=12502"},{"taxonomy":"product_tag","embeddable":true,"href":"https:\/\/difrenos.com\/index.php\/wp-json\/wp\/v2\/product_tag?post=12502"}],"curies":[{"name":"wp","href":"https:\/\/api.w.org\/{rel}","templated":true}]}}