{"id":12500,"date":"2024-09-10T12:14:53","date_gmt":"2024-09-10T12:14:53","guid":{"rendered":"https:\/\/difrenos.com\/?post_type=product&#038;p=12500"},"modified":"2026-03-20T13:33:03","modified_gmt":"2026-03-20T13:33:03","slug":"proteccion-de-motor-gas-gas-700","status":"publish","type":"product","link":"https:\/\/difrenos.com\/index.php\/producto\/proteccion-de-motor-gas-gas-700\/","title":{"rendered":"PROTECCION DE MOTOR GAS GAS 700 (76503090100)"},"content":{"rendered":"<p>PROTECCION DE MOTOR GAS GAS 700. Excelente protecci\u00f3n para el c\u00e1rter y el colector. Fabricado en aluminio de alta resistencia. Acabados de la mayor calidad. Protecci\u00f3n \u00f3ptima contra el impacto de piedras. Protecci\u00f3n contra da\u00f1os derivados de ca\u00eddas.<\/p>\n<p>GAS GAS ES700 y SM700 \u00b422-\u00b424.<\/p>\n","protected":false},"excerpt":{"rendered":"<p>PROTECCION DE MOTOR GAS GAS 700. Excelente protecci\u00f3n para el c\u00e1rter y el colector. Fabricado en aluminio de alta resistencia. Acabados de la mayor calidad. Protecci\u00f3n \u00f3ptima contra el impacto de piedras. Protecci\u00f3n contra da\u00f1os derivados de ca\u00eddas. GAS GAS ES700 y SM700 \u00b422-\u00b424.<\/p>\n","protected":false},"featured_media":12501,"template":"","meta":{"_et_pb_use_builder":"","_et_pb_old_content":"","_et_gb_content_width":""},"product_cat":[789],"product_tag":[],"_links":{"self":[{"href":"https:\/\/difrenos.com\/index.php\/wp-json\/wp\/v2\/product\/12500"}],"collection":[{"href":"https:\/\/difrenos.com\/index.php\/wp-json\/wp\/v2\/product"}],"about":[{"href":"https:\/\/difrenos.com\/index.php\/wp-json\/wp\/v2\/types\/product"}],"wp:featuredmedia":[{"embeddable":true,"href":"https:\/\/difrenos.com\/index.php\/wp-json\/wp\/v2\/media\/12501"}],"wp:attachment":[{"href":"https:\/\/difrenos.com\/index.php\/wp-json\/wp\/v2\/media?parent=12500"}],"wp:term":[{"taxonomy":"product_cat","embeddable":true,"href":"https:\/\/difrenos.com\/index.php\/wp-json\/wp\/v2\/product_cat?post=12500"},{"taxonomy":"product_tag","embeddable":true,"href":"https:\/\/difrenos.com\/index.php\/wp-json\/wp\/v2\/product_tag?post=12500"}],"curies":[{"name":"wp","href":"https:\/\/api.w.org\/{rel}","templated":true}]}}