{"id":12492,"date":"2024-09-10T11:35:03","date_gmt":"2024-09-10T11:35:03","guid":{"rendered":"https:\/\/difrenos.com\/?post_type=product&#038;p=12492"},"modified":"2026-03-16T14:00:41","modified_gmt":"2026-03-16T14:00:41","slug":"proteccion-de-radiador-4","status":"publish","type":"product","link":"https:\/\/difrenos.com\/index.php\/producto\/proteccion-de-radiador-4\/","title":{"rendered":"PROTECCION DE RADIADOR HUSQVARNA Y GAS GAS (A46035036044C1)"},"content":{"rendered":"<p>PROTECCION DE RADIADOR HUSQVARNA, GAS GAS Y KTM. Ofrece la m\u00e1xima protecci\u00f3n con el menor peso posible. Protecci\u00f3n \u00f3ptima contra el impacto de piedras. Montaje f\u00e1cil. REF.- A46035036044C1<\/p>\n<p>HUSQVARNA TE 300 \u00b424-\u00b425<\/p>\n<p>GAS GAS EC 300 \u00b424-\u00b425<\/p>\n","protected":false},"excerpt":{"rendered":"<p>PROTECCION DE RADIADOR HUSQVARNA, GAS GAS Y KTM. Ofrece la m\u00e1xima protecci\u00f3n con el menor peso posible. Protecci\u00f3n \u00f3ptima contra el impacto de piedras. Montaje f\u00e1cil. REF.- A46035036044C1 HUSQVARNA TE 300 \u00b424-\u00b425 GAS GAS EC 300 \u00b424-\u00b425<\/p>\n","protected":false},"featured_media":12494,"template":"","meta":{"_et_pb_use_builder":"","_et_pb_old_content":"","_et_gb_content_width":""},"product_cat":[789],"product_tag":[],"_links":{"self":[{"href":"https:\/\/difrenos.com\/index.php\/wp-json\/wp\/v2\/product\/12492"}],"collection":[{"href":"https:\/\/difrenos.com\/index.php\/wp-json\/wp\/v2\/product"}],"about":[{"href":"https:\/\/difrenos.com\/index.php\/wp-json\/wp\/v2\/types\/product"}],"wp:featuredmedia":[{"embeddable":true,"href":"https:\/\/difrenos.com\/index.php\/wp-json\/wp\/v2\/media\/12494"}],"wp:attachment":[{"href":"https:\/\/difrenos.com\/index.php\/wp-json\/wp\/v2\/media?parent=12492"}],"wp:term":[{"taxonomy":"product_cat","embeddable":true,"href":"https:\/\/difrenos.com\/index.php\/wp-json\/wp\/v2\/product_cat?post=12492"},{"taxonomy":"product_tag","embeddable":true,"href":"https:\/\/difrenos.com\/index.php\/wp-json\/wp\/v2\/product_tag?post=12492"}],"curies":[{"name":"wp","href":"https:\/\/api.w.org\/{rel}","templated":true}]}}