{"id":12488,"date":"2024-09-10T11:15:40","date_gmt":"2024-09-10T11:15:40","guid":{"rendered":"https:\/\/difrenos.com\/?post_type=product&#038;p=12488"},"modified":"2025-11-13T11:38:10","modified_gmt":"2025-11-13T11:38:10","slug":"juego-de-punos-domino","status":"publish","type":"product","link":"https:\/\/difrenos.com\/index.php\/producto\/juego-de-punos-domino\/","title":{"rendered":"JUEGO DE PU\u00d1OS DOMINO"},"content":{"rendered":"<p>JUEGO DE PU\u00d1OS DOMINO.<\/p>\n<p>Juego de pu\u00f1os de goma termopl\u00e1stica de dos componentes<\/p>\n<p>Acabado multi-piramidal grueso para facilitar el agarre todoterreno<\/p>\n<p>Ranuras para alambre<\/p>\n<ul>\n<li class=\"my-2\"><label class=\"my-0\">Longitud:<\/label>\u00a0120 mm<\/li>\n<li class=\"my-2\"><label class=\"my-0\">Fin:<\/label>\u00a0Cerrado<\/li>\n<li class=\"my-2\"><label class=\"my-0\">Di\u00e1metro del manillar \/ tubo de gas:<\/label>\u00a022\/26 mm<\/li>\n<\/ul>\n","protected":false},"excerpt":{"rendered":"<p>JUEGO DE PU\u00d1OS DOMINO. Juego de pu\u00f1os de goma termopl\u00e1stica de dos componentes Acabado multi-piramidal grueso para facilitar el agarre todoterreno Ranuras para alambre Longitud:\u00a0120 mm Fin:\u00a0Cerrado Di\u00e1metro del manillar \/ tubo de gas:\u00a022\/26 mm<\/p>\n","protected":false},"featured_media":12489,"template":"","meta":{"_et_pb_use_builder":"","_et_pb_old_content":"","_et_gb_content_width":""},"product_cat":[792],"product_tag":[],"_links":{"self":[{"href":"https:\/\/difrenos.com\/index.php\/wp-json\/wp\/v2\/product\/12488"}],"collection":[{"href":"https:\/\/difrenos.com\/index.php\/wp-json\/wp\/v2\/product"}],"about":[{"href":"https:\/\/difrenos.com\/index.php\/wp-json\/wp\/v2\/types\/product"}],"wp:featuredmedia":[{"embeddable":true,"href":"https:\/\/difrenos.com\/index.php\/wp-json\/wp\/v2\/media\/12489"}],"wp:attachment":[{"href":"https:\/\/difrenos.com\/index.php\/wp-json\/wp\/v2\/media?parent=12488"}],"wp:term":[{"taxonomy":"product_cat","embeddable":true,"href":"https:\/\/difrenos.com\/index.php\/wp-json\/wp\/v2\/product_cat?post=12488"},{"taxonomy":"product_tag","embeddable":true,"href":"https:\/\/difrenos.com\/index.php\/wp-json\/wp\/v2\/product_tag?post=12488"}],"curies":[{"name":"wp","href":"https:\/\/api.w.org\/{rel}","templated":true}]}}