{"id":12486,"date":"2024-09-10T11:09:08","date_gmt":"2024-09-10T11:09:08","guid":{"rendered":"https:\/\/difrenos.com\/?post_type=product&#038;p=12486"},"modified":"2026-03-11T14:09:57","modified_gmt":"2026-03-11T14:09:57","slug":"juego-de-punos-de-trial","status":"publish","type":"product","link":"https:\/\/difrenos.com\/index.php\/producto\/juego-de-punos-de-trial\/","title":{"rendered":"JUEGO DE PU\u00d1OS RENTHAL DE TRIAL"},"content":{"rendered":"<p>JUEGO DE PU\u00d1OS RENTHAL DE TRIAL. Desarrollado seg\u00fan las exigencias de nuestros pilotos de f\u00e1brica. Menos estr\u00e9s en la conducci\u00f3n. Objetivo: confort y seguridad. Contorno ergon\u00f3mico, adaptado a la forma de la mano para un confort m\u00e1ximo. Para un agarre seguro<\/p>\n","protected":false},"excerpt":{"rendered":"<p>JUEGO DE PU\u00d1OS RENTHAL DE TRIAL. Desarrollado seg\u00fan las exigencias de nuestros pilotos de f\u00e1brica. Menos estr\u00e9s en la conducci\u00f3n. Objetivo: confort y seguridad. Contorno ergon\u00f3mico, adaptado a la forma de la mano para un confort m\u00e1ximo. Para un agarre seguro<\/p>\n","protected":false},"featured_media":12487,"template":"","meta":{"_et_pb_use_builder":"","_et_pb_old_content":"","_et_gb_content_width":""},"product_cat":[792],"product_tag":[],"_links":{"self":[{"href":"https:\/\/difrenos.com\/index.php\/wp-json\/wp\/v2\/product\/12486"}],"collection":[{"href":"https:\/\/difrenos.com\/index.php\/wp-json\/wp\/v2\/product"}],"about":[{"href":"https:\/\/difrenos.com\/index.php\/wp-json\/wp\/v2\/types\/product"}],"wp:featuredmedia":[{"embeddable":true,"href":"https:\/\/difrenos.com\/index.php\/wp-json\/wp\/v2\/media\/12487"}],"wp:attachment":[{"href":"https:\/\/difrenos.com\/index.php\/wp-json\/wp\/v2\/media?parent=12486"}],"wp:term":[{"taxonomy":"product_cat","embeddable":true,"href":"https:\/\/difrenos.com\/index.php\/wp-json\/wp\/v2\/product_cat?post=12486"},{"taxonomy":"product_tag","embeddable":true,"href":"https:\/\/difrenos.com\/index.php\/wp-json\/wp\/v2\/product_tag?post=12486"}],"curies":[{"name":"wp","href":"https:\/\/api.w.org\/{rel}","templated":true}]}}