{"id":12478,"date":"2024-09-10T10:36:58","date_gmt":"2024-09-10T10:36:58","guid":{"rendered":"https:\/\/difrenos.com\/?post_type=product&#038;p=12478"},"modified":"2026-03-11T11:53:09","modified_gmt":"2026-03-11T11:53:09","slug":"valvula-del-respiradero-del-tapon-del-deposito-de-gasolina-factory","status":"publish","type":"product","link":"https:\/\/difrenos.com\/index.php\/producto\/valvula-del-respiradero-del-tapon-del-deposito-de-gasolina-factory\/","title":{"rendered":"V\u00c1LVULA DEL RESPIRADERO DEL TAP\u00d3N DEL DEP\u00d3SITO DE GASOLINA FACTORY"},"content":{"rendered":"<p>V\u00c1LVULA DEL RESPIRADERO DEL TAP\u00d3N DEL DEP\u00d3SITO DE GASOLINA FACTORY. De aluminio de alta calidad, mecanizado. Superficie anodizada de aspecto elegante. Aspecto est\u00e9tico destacado<\/p>\n","protected":false},"excerpt":{"rendered":"<p>V\u00c1LVULA DEL RESPIRADERO DEL TAP\u00d3N DEL DEP\u00d3SITO DE GASOLINA FACTORY. De aluminio de alta calidad, mecanizado. Superficie anodizada de aspecto elegante. Aspecto est\u00e9tico destacado<\/p>\n","protected":false},"featured_media":12479,"template":"","meta":{"_et_pb_use_builder":"","_et_pb_old_content":"","_et_gb_content_width":""},"product_cat":[799,170],"product_tag":[],"_links":{"self":[{"href":"https:\/\/difrenos.com\/index.php\/wp-json\/wp\/v2\/product\/12478"}],"collection":[{"href":"https:\/\/difrenos.com\/index.php\/wp-json\/wp\/v2\/product"}],"about":[{"href":"https:\/\/difrenos.com\/index.php\/wp-json\/wp\/v2\/types\/product"}],"wp:featuredmedia":[{"embeddable":true,"href":"https:\/\/difrenos.com\/index.php\/wp-json\/wp\/v2\/media\/12479"}],"wp:attachment":[{"href":"https:\/\/difrenos.com\/index.php\/wp-json\/wp\/v2\/media?parent=12478"}],"wp:term":[{"taxonomy":"product_cat","embeddable":true,"href":"https:\/\/difrenos.com\/index.php\/wp-json\/wp\/v2\/product_cat?post=12478"},{"taxonomy":"product_tag","embeddable":true,"href":"https:\/\/difrenos.com\/index.php\/wp-json\/wp\/v2\/product_tag?post=12478"}],"curies":[{"name":"wp","href":"https:\/\/api.w.org\/{rel}","templated":true}]}}