{"id":12467,"date":"2024-09-10T08:45:27","date_gmt":"2024-09-10T08:45:27","guid":{"rendered":"https:\/\/difrenos.com\/?post_type=product&#038;p=12467"},"modified":"2026-03-11T13:54:13","modified_gmt":"2026-03-11T13:54:13","slug":"topes-de-manillar","status":"publish","type":"product","link":"https:\/\/difrenos.com\/index.php\/producto\/topes-de-manillar\/","title":{"rendered":"TOPES DE MANILLAR"},"content":{"rendered":"<p>TOPES DE MANILLAR. De aluminio de alta calidad, mecanizado. Superficie anodizada de aspecto elegante. Aspecto est\u00e9tico destacado. Evitan que se levanten los pu\u00f1os de goma en caso de ca\u00edda<\/p>\n","protected":false},"excerpt":{"rendered":"<p>TOPES DE MANILLAR. De aluminio de alta calidad, mecanizado. Superficie anodizada de aspecto elegante. Aspecto est\u00e9tico destacado. Evitan que se levanten los pu\u00f1os de goma en caso de ca\u00edda<\/p>\n","protected":false},"featured_media":12468,"template":"","meta":{"_et_pb_use_builder":"","_et_pb_old_content":"","_et_gb_content_width":""},"product_cat":[792],"product_tag":[],"_links":{"self":[{"href":"https:\/\/difrenos.com\/index.php\/wp-json\/wp\/v2\/product\/12467"}],"collection":[{"href":"https:\/\/difrenos.com\/index.php\/wp-json\/wp\/v2\/product"}],"about":[{"href":"https:\/\/difrenos.com\/index.php\/wp-json\/wp\/v2\/types\/product"}],"wp:featuredmedia":[{"embeddable":true,"href":"https:\/\/difrenos.com\/index.php\/wp-json\/wp\/v2\/media\/12468"}],"wp:attachment":[{"href":"https:\/\/difrenos.com\/index.php\/wp-json\/wp\/v2\/media?parent=12467"}],"wp:term":[{"taxonomy":"product_cat","embeddable":true,"href":"https:\/\/difrenos.com\/index.php\/wp-json\/wp\/v2\/product_cat?post=12467"},{"taxonomy":"product_tag","embeddable":true,"href":"https:\/\/difrenos.com\/index.php\/wp-json\/wp\/v2\/product_tag?post=12467"}],"curies":[{"name":"wp","href":"https:\/\/api.w.org\/{rel}","templated":true}]}}