{"id":12465,"date":"2024-09-10T07:47:44","date_gmt":"2024-09-10T07:47:44","guid":{"rendered":"https:\/\/difrenos.com\/?post_type=product&#038;p=12465"},"modified":"2026-03-11T13:48:47","modified_gmt":"2026-03-11T13:48:47","slug":"juego-de-tapones-de-valvulas-gas-gas","status":"publish","type":"product","link":"https:\/\/difrenos.com\/index.php\/producto\/juego-de-tapones-de-valvulas-gas-gas\/","title":{"rendered":"JUEGO DE TAPONES DE VALVULAS GAS GAS"},"content":{"rendered":"<p>JUEGO DE TAPONES DE V\u00c1LVULAS. Tapones de v\u00e1lvulas anodizados. Con funci\u00f3n de apertura de v\u00e1lvula<\/p>\n","protected":false},"excerpt":{"rendered":"<p>JUEGO DE TAPONES DE V\u00c1LVULAS. Tapones de v\u00e1lvulas anodizados. Con funci\u00f3n de apertura de v\u00e1lvula<\/p>\n","protected":false},"featured_media":12466,"template":"","meta":{"_et_pb_use_builder":"","_et_pb_old_content":"","_et_gb_content_width":""},"product_cat":[519],"product_tag":[],"_links":{"self":[{"href":"https:\/\/difrenos.com\/index.php\/wp-json\/wp\/v2\/product\/12465"}],"collection":[{"href":"https:\/\/difrenos.com\/index.php\/wp-json\/wp\/v2\/product"}],"about":[{"href":"https:\/\/difrenos.com\/index.php\/wp-json\/wp\/v2\/types\/product"}],"wp:featuredmedia":[{"embeddable":true,"href":"https:\/\/difrenos.com\/index.php\/wp-json\/wp\/v2\/media\/12466"}],"wp:attachment":[{"href":"https:\/\/difrenos.com\/index.php\/wp-json\/wp\/v2\/media?parent=12465"}],"wp:term":[{"taxonomy":"product_cat","embeddable":true,"href":"https:\/\/difrenos.com\/index.php\/wp-json\/wp\/v2\/product_cat?post=12465"},{"taxonomy":"product_tag","embeddable":true,"href":"https:\/\/difrenos.com\/index.php\/wp-json\/wp\/v2\/product_tag?post=12465"}],"curies":[{"name":"wp","href":"https:\/\/api.w.org\/{rel}","templated":true}]}}