{"id":12462,"date":"2024-09-10T07:29:50","date_gmt":"2024-09-10T07:29:50","guid":{"rendered":"https:\/\/difrenos.com\/?post_type=product&#038;p=12462"},"modified":"2026-03-20T12:04:51","modified_gmt":"2026-03-20T12:04:51","slug":"kit-espejo-retrovisor-de-tope-de-manillar","status":"publish","type":"product","link":"https:\/\/difrenos.com\/index.php\/producto\/kit-espejo-retrovisor-de-tope-de-manillar\/","title":{"rendered":"KIT ESPEJO RETROVISOR DE TOPE DE MANILLAR"},"content":{"rendered":"<p>KIT ESPEJO RETROVISOR DE TOPE DE MANILLAR. De aluminio de alta calidad, mecanizado. Superficie anodizada de aspecto elegante. Aspecto est\u00e9tico destacado. Se integran a la perfecci\u00f3n en el dise\u00f1o del veh\u00edculo. Junta de r\u00f3tula para el ajuste flexible del espejo retrovisor. Incluye un adaptador para el montaje.<\/p>\n<p>HUSQVARNA SVARTPILEN\/VITPILEN y 701.<\/p>\n","protected":false},"excerpt":{"rendered":"<p>KIT ESPEJO RETROVISOR DE TOPE DE MANILLAR. De aluminio de alta calidad, mecanizado. Superficie anodizada de aspecto elegante. Aspecto est\u00e9tico destacado. Se integran a la perfecci\u00f3n en el dise\u00f1o del veh\u00edculo. Junta de r\u00f3tula para el ajuste flexible del espejo retrovisor. Incluye un adaptador para el montaje. HUSQVARNA SVARTPILEN\/VITPILEN y 701.<\/p>\n","protected":false},"featured_media":12464,"template":"","meta":{"_et_pb_use_builder":"","_et_pb_old_content":"","_et_gb_content_width":""},"product_cat":[794],"product_tag":[],"_links":{"self":[{"href":"https:\/\/difrenos.com\/index.php\/wp-json\/wp\/v2\/product\/12462"}],"collection":[{"href":"https:\/\/difrenos.com\/index.php\/wp-json\/wp\/v2\/product"}],"about":[{"href":"https:\/\/difrenos.com\/index.php\/wp-json\/wp\/v2\/types\/product"}],"wp:featuredmedia":[{"embeddable":true,"href":"https:\/\/difrenos.com\/index.php\/wp-json\/wp\/v2\/media\/12464"}],"wp:attachment":[{"href":"https:\/\/difrenos.com\/index.php\/wp-json\/wp\/v2\/media?parent=12462"}],"wp:term":[{"taxonomy":"product_cat","embeddable":true,"href":"https:\/\/difrenos.com\/index.php\/wp-json\/wp\/v2\/product_cat?post=12462"},{"taxonomy":"product_tag","embeddable":true,"href":"https:\/\/difrenos.com\/index.php\/wp-json\/wp\/v2\/product_tag?post=12462"}],"curies":[{"name":"wp","href":"https:\/\/api.w.org\/{rel}","templated":true}]}}