{"id":12452,"date":"2024-09-09T17:15:05","date_gmt":"2024-09-09T17:15:05","guid":{"rendered":"https:\/\/difrenos.com\/?post_type=product&#038;p=12452"},"modified":"2026-04-13T15:19:32","modified_gmt":"2026-04-13T15:19:32","slug":"estriberas-pivotantes-2","status":"publish","type":"product","link":"https:\/\/difrenos.com\/index.php\/producto\/estriberas-pivotantes-2\/","title":{"rendered":"ESTRIBERAS PIVOTANTES"},"content":{"rendered":"<p>ESTRIBERAS PIVOTANTES. Se mueven al desplazar el peso. Contacto permanente entre la bota y la estribera. Alarga la vida de tus botas. Superficie de apoyo aumentada. M\u00e1s control. M\u00e1s presi\u00f3n en las curvas. Desplazamiento del peso m\u00e1s sencillo y r\u00e1pido. Cambiar de marcha y frenar es m\u00e1s f\u00e1cil. Anclaje amortiguado, giro de 20 grados hacia delante y detr\u00e1s.<\/p>\n<p>GAS GAS MC 125 2021 MC 250F 2021 MC 450F 2021\u00a0 EC 250 2021\u00a0 EC 350F 2021\u00a0 EC 300 2021\u00a0 ES 700 2022 2023 2024 SM 700 2022 2023 2024<\/p>\n<p>HUSQVARNA TC125 \u00b414-\u00b415 \/ FC250 \u00b414-\u00b415 \/ FE250 \u00b414-\u00b416 \/ FE350 \u00b414-\u00b416 \/ FE450 \u00b414-\u00b416 \/ TE300 \u00b414-\u00b416 \/ FE501 \u00b414-\u00b416 \/ 701 \u00b416-\u00b424<\/p>\n","protected":false},"excerpt":{"rendered":"<p>ESTRIBERAS PIVOTANTES. Se mueven al desplazar el peso. Contacto permanente entre la bota y la estribera. Alarga la vida de tus botas. Superficie de apoyo aumentada. M\u00e1s control. M\u00e1s presi\u00f3n en las curvas. Desplazamiento del peso m\u00e1s sencillo y r\u00e1pido. Cambiar de marcha y frenar es m\u00e1s f\u00e1cil. Anclaje amortiguado, giro de 20 grados hacia [&hellip;]<\/p>\n","protected":false},"featured_media":12453,"template":"","meta":{"_et_pb_use_builder":"","_et_pb_old_content":"","_et_gb_content_width":""},"product_cat":[793,170],"product_tag":[],"_links":{"self":[{"href":"https:\/\/difrenos.com\/index.php\/wp-json\/wp\/v2\/product\/12452"}],"collection":[{"href":"https:\/\/difrenos.com\/index.php\/wp-json\/wp\/v2\/product"}],"about":[{"href":"https:\/\/difrenos.com\/index.php\/wp-json\/wp\/v2\/types\/product"}],"wp:featuredmedia":[{"embeddable":true,"href":"https:\/\/difrenos.com\/index.php\/wp-json\/wp\/v2\/media\/12453"}],"wp:attachment":[{"href":"https:\/\/difrenos.com\/index.php\/wp-json\/wp\/v2\/media?parent=12452"}],"wp:term":[{"taxonomy":"product_cat","embeddable":true,"href":"https:\/\/difrenos.com\/index.php\/wp-json\/wp\/v2\/product_cat?post=12452"},{"taxonomy":"product_tag","embeddable":true,"href":"https:\/\/difrenos.com\/index.php\/wp-json\/wp\/v2\/product_tag?post=12452"}],"curies":[{"name":"wp","href":"https:\/\/api.w.org\/{rel}","templated":true}]}}