{"id":12446,"date":"2024-09-09T16:59:24","date_gmt":"2024-09-09T16:59:24","guid":{"rendered":"https:\/\/difrenos.com\/?post_type=product&#038;p=12446"},"modified":"2026-02-10T14:05:16","modified_gmt":"2026-02-10T14:05:16","slug":"estriberas-pivotantes","status":"publish","type":"product","link":"https:\/\/difrenos.com\/index.php\/producto\/estriberas-pivotantes\/","title":{"rendered":"ESTRIBERAS PIVOTANTES"},"content":{"rendered":"<p>ESTRIBERAS PIVOTANTES. M\u00e1s presi\u00f3n en las curvas. Contacto permanente entre la bota y la estribera. Alarga la vida de tus botas. Superficie de apoyo aumentada. M\u00e1s control. Cambiar de marcha y frenar es m\u00e1s f\u00e1cil. Se mueven al desplazar el peso. Estriberas que se mueven seg\u00fan la distribuci\u00f3n del peso. Ideal para Motocross, Enduro y Supermoto.<\/p>\n<p>TE250\/300 \u00b417-\u00b423 \/ FE501 \u00b417-\u00b423 \/ FC450 \u00b417-\u00b422 \/ TC125 \u00b417-\u00b422 \/ FC250 \u00b417-\u00b422 \/ FE250 \u00b417-\u00b422 \/ FE350 \u00b417-\u00b423.<\/p>\n","protected":false},"excerpt":{"rendered":"<p>ESTRIBERAS PIVOTANTES. M\u00e1s presi\u00f3n en las curvas. Contacto permanente entre la bota y la estribera. Alarga la vida de tus botas. Superficie de apoyo aumentada. M\u00e1s control. Cambiar de marcha y frenar es m\u00e1s f\u00e1cil. Se mueven al desplazar el peso. Estriberas que se mueven seg\u00fan la distribuci\u00f3n del peso. Ideal para Motocross, Enduro y [&hellip;]<\/p>\n","protected":false},"featured_media":12447,"template":"","meta":{"_et_pb_use_builder":"","_et_pb_old_content":"","_et_gb_content_width":""},"product_cat":[793,170],"product_tag":[],"_links":{"self":[{"href":"https:\/\/difrenos.com\/index.php\/wp-json\/wp\/v2\/product\/12446"}],"collection":[{"href":"https:\/\/difrenos.com\/index.php\/wp-json\/wp\/v2\/product"}],"about":[{"href":"https:\/\/difrenos.com\/index.php\/wp-json\/wp\/v2\/types\/product"}],"wp:featuredmedia":[{"embeddable":true,"href":"https:\/\/difrenos.com\/index.php\/wp-json\/wp\/v2\/media\/12447"}],"wp:attachment":[{"href":"https:\/\/difrenos.com\/index.php\/wp-json\/wp\/v2\/media?parent=12446"}],"wp:term":[{"taxonomy":"product_cat","embeddable":true,"href":"https:\/\/difrenos.com\/index.php\/wp-json\/wp\/v2\/product_cat?post=12446"},{"taxonomy":"product_tag","embeddable":true,"href":"https:\/\/difrenos.com\/index.php\/wp-json\/wp\/v2\/product_tag?post=12446"}],"curies":[{"name":"wp","href":"https:\/\/api.w.org\/{rel}","templated":true}]}}