{"id":12437,"date":"2024-09-09T16:32:45","date_gmt":"2024-09-09T16:32:45","guid":{"rendered":"https:\/\/difrenos.com\/?post_type=product&#038;p=12437"},"modified":"2026-03-17T12:42:36","modified_gmt":"2026-03-17T12:42:36","slug":"protector-del-disco-de-freno-2","status":"publish","type":"product","link":"https:\/\/difrenos.com\/index.php\/producto\/protector-del-disco-de-freno-2\/","title":{"rendered":"PROTECTOR DEL DISCO DE FRENO TRASERO HUSQVARNA (8131096120068)"},"content":{"rendered":"<p>PROTECTOR DEL DISCO DE FRENO HUSQVARNA. Protege el disco de freno en caso de ca\u00edda. Alta rigidez y resistencia. Protege el disco de freno trasero de piedras u otros obst\u00e1culos s\u00f3lidos. De aluminio de alta calidad, mecanizado. M\u00e1s ligero que los componentes de serie.<\/p>\n<p>FC450 \u00b421-\u00b425 \/ TC250 \u00b419-\u00b423 \/ FE450 \u00b414-\u00b417 \/ FE501 \u00b414-\u00b417 \/ TE300 \u00b414-\u00b417 \/ FS450 \u00b415-\u00b425 \/ FC350 \u00b416-\u00b425 \/ FE350 \u00b414-\u00b417<\/p>\n","protected":false},"excerpt":{"rendered":"<p>PROTECTOR DEL DISCO DE FRENO HUSQVARNA. Protege el disco de freno en caso de ca\u00edda. Alta rigidez y resistencia. Protege el disco de freno trasero de piedras u otros obst\u00e1culos s\u00f3lidos. De aluminio de alta calidad, mecanizado. M\u00e1s ligero que los componentes de serie. FC450 \u00b421-\u00b425 \/ TC250 \u00b419-\u00b423 \/ FE450 \u00b414-\u00b417 \/ FE501 \u00b414-\u00b417 [&hellip;]<\/p>\n","protected":false},"featured_media":12438,"template":"","meta":{"_et_pb_use_builder":"","_et_pb_old_content":"","_et_gb_content_width":""},"product_cat":[789],"product_tag":[],"_links":{"self":[{"href":"https:\/\/difrenos.com\/index.php\/wp-json\/wp\/v2\/product\/12437"}],"collection":[{"href":"https:\/\/difrenos.com\/index.php\/wp-json\/wp\/v2\/product"}],"about":[{"href":"https:\/\/difrenos.com\/index.php\/wp-json\/wp\/v2\/types\/product"}],"wp:featuredmedia":[{"embeddable":true,"href":"https:\/\/difrenos.com\/index.php\/wp-json\/wp\/v2\/media\/12438"}],"wp:attachment":[{"href":"https:\/\/difrenos.com\/index.php\/wp-json\/wp\/v2\/media?parent=12437"}],"wp:term":[{"taxonomy":"product_cat","embeddable":true,"href":"https:\/\/difrenos.com\/index.php\/wp-json\/wp\/v2\/product_cat?post=12437"},{"taxonomy":"product_tag","embeddable":true,"href":"https:\/\/difrenos.com\/index.php\/wp-json\/wp\/v2\/product_tag?post=12437"}],"curies":[{"name":"wp","href":"https:\/\/api.w.org\/{rel}","templated":true}]}}