{"id":12435,"date":"2024-09-09T16:23:44","date_gmt":"2024-09-09T16:23:44","guid":{"rendered":"https:\/\/difrenos.com\/?post_type=product&#038;p=12435"},"modified":"2026-03-17T10:30:32","modified_gmt":"2026-03-17T10:30:32","slug":"protector-del-disco-de-freno","status":"publish","type":"product","link":"https:\/\/difrenos.com\/index.php\/producto\/protector-del-disco-de-freno\/","title":{"rendered":"PROTECTOR DEL DISCO DE FRENO TRASERO HUSQVARNA\/GAS GAS (54810961200C1)"},"content":{"rendered":"<p>PROTECTOR DEL DISCO DE FRENO. Protege el disco de freno en caso de ca\u00edda. Alta rigidez y resistencia. Protege el disco de freno trasero de piedras u otros obst\u00e1culos s\u00f3lidos. De aluminio de alta calidad, mecanizado. M\u00e1s ligero que los componentes de serie. Solo se puede utilizar con un sistema de frenos Brembo<\/p>\n<p>MC 125 2021 2022\u00a0 2023 MC 250F 2021 2022\u00a0 MC 250F 2023\u00a0 \u00a0EX 250F 2021\u00a0 2022\u00a0 2023 MC 450F 2021\u00a0 MC 250 2022 2023 MC 450F 2022\u00a0 MC 450F Troy Lee Designs 2022 MC 350F 2022 2023\u00a0 MC 450F 2023\u00a0 EX 350F 2021 EX 450F 2021 EX 350F 2022\u00a0 EX 450F 2022\u00a0 EX 250 2022\u00a0 EX 350F 2023\u00a0 EX 450F 2023 EX 250 2023 EX 350F 2023 EX 450F 2023\u00a0 EX 300 2021 2022 2023<\/p>\n<p>TE250 2014 2015 2016 2017 FE450 2015 2016 2017 TE300 2014 2015 2016 2017 FE501 2014 2015 2016 2017 FC450 2018 2019 2020 2021 2022 FE350 2014 2015 2016 2017 FC350 2021 2022 TC250 2021 2022 FS450 2021 2022 2023 2024 2025<\/p>\n","protected":false},"excerpt":{"rendered":"<p>PROTECTOR DEL DISCO DE FRENO. Protege el disco de freno en caso de ca\u00edda. Alta rigidez y resistencia. Protege el disco de freno trasero de piedras u otros obst\u00e1culos s\u00f3lidos. De aluminio de alta calidad, mecanizado. M\u00e1s ligero que los componentes de serie. Solo se puede utilizar con un sistema de frenos Brembo MC 125 [&hellip;]<\/p>\n","protected":false},"featured_media":12436,"template":"","meta":{"_et_pb_use_builder":"","_et_pb_old_content":"","_et_gb_content_width":""},"product_cat":[789],"product_tag":[],"_links":{"self":[{"href":"https:\/\/difrenos.com\/index.php\/wp-json\/wp\/v2\/product\/12435"}],"collection":[{"href":"https:\/\/difrenos.com\/index.php\/wp-json\/wp\/v2\/product"}],"about":[{"href":"https:\/\/difrenos.com\/index.php\/wp-json\/wp\/v2\/types\/product"}],"wp:featuredmedia":[{"embeddable":true,"href":"https:\/\/difrenos.com\/index.php\/wp-json\/wp\/v2\/media\/12436"}],"wp:attachment":[{"href":"https:\/\/difrenos.com\/index.php\/wp-json\/wp\/v2\/media?parent=12435"}],"wp:term":[{"taxonomy":"product_cat","embeddable":true,"href":"https:\/\/difrenos.com\/index.php\/wp-json\/wp\/v2\/product_cat?post=12435"},{"taxonomy":"product_tag","embeddable":true,"href":"https:\/\/difrenos.com\/index.php\/wp-json\/wp\/v2\/product_tag?post=12435"}],"curies":[{"name":"wp","href":"https:\/\/api.w.org\/{rel}","templated":true}]}}