{"id":12433,"date":"2024-09-09T16:04:37","date_gmt":"2024-09-09T16:04:37","guid":{"rendered":"https:\/\/difrenos.com\/?post_type=product&#038;p=12433"},"modified":"2026-03-16T13:58:51","modified_gmt":"2026-03-16T13:58:51","slug":"proteccion-de-radiador-2","status":"publish","type":"product","link":"https:\/\/difrenos.com\/index.php\/producto\/proteccion-de-radiador-2\/","title":{"rendered":"PROTECCI\u00d3N DE RADIADOR (79635936044)"},"content":{"rendered":"<p>PROTECCI\u00d3N DE RADIADOR HUSQVARNA FC\/FE\/FX\/TC\/TE\/TX. Ofrece la m\u00e1xima protecci\u00f3n con el menor peso posible. Con rejillas de protecci\u00f3n de radiador adaptadas. Montaje f\u00e1cil. Protecci\u00f3n \u00f3ptima contra el impacto de piedras<\/p>\n","protected":false},"excerpt":{"rendered":"<p>PROTECCI\u00d3N DE RADIADOR HUSQVARNA FC\/FE\/FX\/TC\/TE\/TX. Ofrece la m\u00e1xima protecci\u00f3n con el menor peso posible. Con rejillas de protecci\u00f3n de radiador adaptadas. Montaje f\u00e1cil. Protecci\u00f3n \u00f3ptima contra el impacto de piedras<\/p>\n","protected":false},"featured_media":12434,"template":"","meta":{"_et_pb_use_builder":"","_et_pb_old_content":"","_et_gb_content_width":""},"product_cat":[789],"product_tag":[],"_links":{"self":[{"href":"https:\/\/difrenos.com\/index.php\/wp-json\/wp\/v2\/product\/12433"}],"collection":[{"href":"https:\/\/difrenos.com\/index.php\/wp-json\/wp\/v2\/product"}],"about":[{"href":"https:\/\/difrenos.com\/index.php\/wp-json\/wp\/v2\/types\/product"}],"wp:featuredmedia":[{"embeddable":true,"href":"https:\/\/difrenos.com\/index.php\/wp-json\/wp\/v2\/media\/12434"}],"wp:attachment":[{"href":"https:\/\/difrenos.com\/index.php\/wp-json\/wp\/v2\/media?parent=12433"}],"wp:term":[{"taxonomy":"product_cat","embeddable":true,"href":"https:\/\/difrenos.com\/index.php\/wp-json\/wp\/v2\/product_cat?post=12433"},{"taxonomy":"product_tag","embeddable":true,"href":"https:\/\/difrenos.com\/index.php\/wp-json\/wp\/v2\/product_tag?post=12433"}],"curies":[{"name":"wp","href":"https:\/\/api.w.org\/{rel}","templated":true}]}}