{"id":12427,"date":"2024-09-09T15:52:57","date_gmt":"2024-09-09T15:52:57","guid":{"rendered":"https:\/\/difrenos.com\/?post_type=product&#038;p=12427"},"modified":"2026-03-24T13:04:46","modified_gmt":"2026-03-24T13:04:46","slug":"kit-de-protectores-anticaidas","status":"publish","type":"product","link":"https:\/\/difrenos.com\/index.php\/producto\/kit-de-protectores-anticaidas\/","title":{"rendered":"KIT DE PROTECTORES ANTICA\u00cdDAS SVARTPILEN\/VITPILEN (A61303994044)"},"content":{"rendered":"<p>KIT DE PROTECTORES ANTICA\u00cdDAS HUSQVARNA SVARTPILEN\/VITPILEN 125\/401 \u00b424. Fabricaci\u00f3n con la \u00faltima tecnolog\u00eda de moldeado por inyecci\u00f3n de pl\u00e1stico. Protege el dep\u00f3sito contra ca\u00eddas y accidentes<\/p>\n","protected":false},"excerpt":{"rendered":"<p>KIT DE PROTECTORES ANTICA\u00cdDAS HUSQVARNA SVARTPILEN\/VITPILEN 125\/401 \u00b424. Fabricaci\u00f3n con la \u00faltima tecnolog\u00eda de moldeado por inyecci\u00f3n de pl\u00e1stico. Protege el dep\u00f3sito contra ca\u00eddas y accidentes<\/p>\n","protected":false},"featured_media":12430,"template":"","meta":{"_et_pb_use_builder":"","_et_pb_old_content":"","_et_gb_content_width":""},"product_cat":[789,170],"product_tag":[],"_links":{"self":[{"href":"https:\/\/difrenos.com\/index.php\/wp-json\/wp\/v2\/product\/12427"}],"collection":[{"href":"https:\/\/difrenos.com\/index.php\/wp-json\/wp\/v2\/product"}],"about":[{"href":"https:\/\/difrenos.com\/index.php\/wp-json\/wp\/v2\/types\/product"}],"wp:featuredmedia":[{"embeddable":true,"href":"https:\/\/difrenos.com\/index.php\/wp-json\/wp\/v2\/media\/12430"}],"wp:attachment":[{"href":"https:\/\/difrenos.com\/index.php\/wp-json\/wp\/v2\/media?parent=12427"}],"wp:term":[{"taxonomy":"product_cat","embeddable":true,"href":"https:\/\/difrenos.com\/index.php\/wp-json\/wp\/v2\/product_cat?post=12427"},{"taxonomy":"product_tag","embeddable":true,"href":"https:\/\/difrenos.com\/index.php\/wp-json\/wp\/v2\/product_tag?post=12427"}],"curies":[{"name":"wp","href":"https:\/\/api.w.org\/{rel}","templated":true}]}}