{"id":12425,"date":"2024-09-09T15:43:31","date_gmt":"2024-09-09T15:43:31","guid":{"rendered":"https:\/\/difrenos.com\/?post_type=product&#038;p=12425"},"modified":"2026-03-25T12:05:04","modified_gmt":"2026-03-25T12:05:04","slug":"rejilla-de-proteccion-de-radiador-2","status":"publish","type":"product","link":"https:\/\/difrenos.com\/index.php\/producto\/rejilla-de-proteccion-de-radiador-2\/","title":{"rendered":"REJILLA DE PROTECCI\u00d3N DE RADIADOR HUSQVARNA SVARTPILEN (96035936044)"},"content":{"rendered":"<p>REJILLA DE PROTECCI\u00d3N DE RADIADOR HUSQVARNA SVARTPILEN\/VITPILEN 125\/401 \u00b424. Montaje f\u00e1cil. Fabricado de material robusto. Protecci\u00f3n \u00f3ptima contra el impacto de piedras. Aspecto est\u00e9tico destacado. Perfecto para modificar el aspecto de tu motocicleta. Est\u00e9tica de competici\u00f3n<\/p>\n","protected":false},"excerpt":{"rendered":"<p>REJILLA DE PROTECCI\u00d3N DE RADIADOR HUSQVARNA SVARTPILEN\/VITPILEN 125\/401 \u00b424. Montaje f\u00e1cil. Fabricado de material robusto. Protecci\u00f3n \u00f3ptima contra el impacto de piedras. Aspecto est\u00e9tico destacado. Perfecto para modificar el aspecto de tu motocicleta. Est\u00e9tica de competici\u00f3n<\/p>\n","protected":false},"featured_media":12426,"template":"","meta":{"_et_pb_use_builder":"","_et_pb_old_content":"","_et_gb_content_width":""},"product_cat":[789],"product_tag":[],"_links":{"self":[{"href":"https:\/\/difrenos.com\/index.php\/wp-json\/wp\/v2\/product\/12425"}],"collection":[{"href":"https:\/\/difrenos.com\/index.php\/wp-json\/wp\/v2\/product"}],"about":[{"href":"https:\/\/difrenos.com\/index.php\/wp-json\/wp\/v2\/types\/product"}],"wp:featuredmedia":[{"embeddable":true,"href":"https:\/\/difrenos.com\/index.php\/wp-json\/wp\/v2\/media\/12426"}],"wp:attachment":[{"href":"https:\/\/difrenos.com\/index.php\/wp-json\/wp\/v2\/media?parent=12425"}],"wp:term":[{"taxonomy":"product_cat","embeddable":true,"href":"https:\/\/difrenos.com\/index.php\/wp-json\/wp\/v2\/product_cat?post=12425"},{"taxonomy":"product_tag","embeddable":true,"href":"https:\/\/difrenos.com\/index.php\/wp-json\/wp\/v2\/product_tag?post=12425"}],"curies":[{"name":"wp","href":"https:\/\/api.w.org\/{rel}","templated":true}]}}