{"id":12422,"date":"2024-09-09T15:40:09","date_gmt":"2024-09-09T15:40:09","guid":{"rendered":"https:\/\/difrenos.com\/?post_type=product&#038;p=12422"},"modified":"2026-03-17T13:14:07","modified_gmt":"2026-03-17T13:14:07","slug":"rejilla-de-proteccion-de-radiador","status":"publish","type":"product","link":"https:\/\/difrenos.com\/index.php\/producto\/rejilla-de-proteccion-de-radiador\/","title":{"rendered":"REJILLA DE PROTECCI\u00d3N DE RADIADOR(27035940044)"},"content":{"rendered":"<p>REJILLA DE PROTECCI\u00d3N DE RADIADOR HUSQVARNA 701 A PARTIR DEL 2016. Protecci\u00f3n perfecta para el radiador. Ofrece la m\u00e1xima protecci\u00f3n con el menor peso posible. Integrado perfectamente en la motocicleta. Adaptaci\u00f3n perfecta. Aspecto exclusivo. Acabado en pintura en polvo de color negro como protecci\u00f3n anticorrosi\u00f3n. Protecci\u00f3n \u00f3ptima contra el impacto de piedras<\/p>\n","protected":false},"excerpt":{"rendered":"<p>REJILLA DE PROTECCI\u00d3N DE RADIADOR HUSQVARNA 701 A PARTIR DEL 2016. Protecci\u00f3n perfecta para el radiador. Ofrece la m\u00e1xima protecci\u00f3n con el menor peso posible. Integrado perfectamente en la motocicleta. Adaptaci\u00f3n perfecta. Aspecto exclusivo. Acabado en pintura en polvo de color negro como protecci\u00f3n anticorrosi\u00f3n. Protecci\u00f3n \u00f3ptima contra el impacto de piedras<\/p>\n","protected":false},"featured_media":12423,"template":"","meta":{"_et_pb_use_builder":"","_et_pb_old_content":"","_et_gb_content_width":""},"product_cat":[789],"product_tag":[],"_links":{"self":[{"href":"https:\/\/difrenos.com\/index.php\/wp-json\/wp\/v2\/product\/12422"}],"collection":[{"href":"https:\/\/difrenos.com\/index.php\/wp-json\/wp\/v2\/product"}],"about":[{"href":"https:\/\/difrenos.com\/index.php\/wp-json\/wp\/v2\/types\/product"}],"wp:featuredmedia":[{"embeddable":true,"href":"https:\/\/difrenos.com\/index.php\/wp-json\/wp\/v2\/media\/12423"}],"wp:attachment":[{"href":"https:\/\/difrenos.com\/index.php\/wp-json\/wp\/v2\/media?parent=12422"}],"wp:term":[{"taxonomy":"product_cat","embeddable":true,"href":"https:\/\/difrenos.com\/index.php\/wp-json\/wp\/v2\/product_cat?post=12422"},{"taxonomy":"product_tag","embeddable":true,"href":"https:\/\/difrenos.com\/index.php\/wp-json\/wp\/v2\/product_tag?post=12422"}],"curies":[{"name":"wp","href":"https:\/\/api.w.org\/{rel}","templated":true}]}}