{"id":12406,"date":"2024-09-09T15:03:05","date_gmt":"2024-09-09T15:03:05","guid":{"rendered":"https:\/\/difrenos.com\/?post_type=product&#038;p=12406"},"modified":"2026-03-20T12:04:20","modified_gmt":"2026-03-20T12:04:20","slug":"manillar-protaper","status":"publish","type":"product","link":"https:\/\/difrenos.com\/index.php\/producto\/manillar-protaper\/","title":{"rendered":"MANILLAR PROTAPER"},"content":{"rendered":"<p>MANILLAR PROTAPER. Equipa tu motocicleta con este manillar de f\u00e1brica y aprovecha las ventajas del apoyo transversal variable para adaptar las caracter\u00edsticas de la direcci\u00f3n al tipo de suelo:bloqueado, el apoyo transversal es r\u00edgidodesbloqueado, el apoyo transversal es flexible. La geometr\u00eda equivale exactamente al manillar de f\u00e1brica de Jason Anderson. Dimensiones: A = 112 mm, B = 811 mm, C = 88 mm<\/p>\n","protected":false},"excerpt":{"rendered":"<p>MANILLAR PROTAPER. Equipa tu motocicleta con este manillar de f\u00e1brica y aprovecha las ventajas del apoyo transversal variable para adaptar las caracter\u00edsticas de la direcci\u00f3n al tipo de suelo:bloqueado, el apoyo transversal es r\u00edgidodesbloqueado, el apoyo transversal es flexible. La geometr\u00eda equivale exactamente al manillar de f\u00e1brica de Jason Anderson. Dimensiones: A = 112 mm, [&hellip;]<\/p>\n","protected":false},"featured_media":12407,"template":"","meta":{"_et_pb_use_builder":"","_et_pb_old_content":"","_et_gb_content_width":""},"product_cat":[792],"product_tag":[],"_links":{"self":[{"href":"https:\/\/difrenos.com\/index.php\/wp-json\/wp\/v2\/product\/12406"}],"collection":[{"href":"https:\/\/difrenos.com\/index.php\/wp-json\/wp\/v2\/product"}],"about":[{"href":"https:\/\/difrenos.com\/index.php\/wp-json\/wp\/v2\/types\/product"}],"wp:featuredmedia":[{"embeddable":true,"href":"https:\/\/difrenos.com\/index.php\/wp-json\/wp\/v2\/media\/12407"}],"wp:attachment":[{"href":"https:\/\/difrenos.com\/index.php\/wp-json\/wp\/v2\/media?parent=12406"}],"wp:term":[{"taxonomy":"product_cat","embeddable":true,"href":"https:\/\/difrenos.com\/index.php\/wp-json\/wp\/v2\/product_cat?post=12406"},{"taxonomy":"product_tag","embeddable":true,"href":"https:\/\/difrenos.com\/index.php\/wp-json\/wp\/v2\/product_tag?post=12406"}],"curies":[{"name":"wp","href":"https:\/\/api.w.org\/{rel}","templated":true}]}}