{"id":12402,"date":"2024-09-09T14:40:00","date_gmt":"2024-09-09T14:40:00","guid":{"rendered":"https:\/\/difrenos.com\/?post_type=product&#038;p=12402"},"modified":"2026-03-20T12:05:36","modified_gmt":"2026-03-20T12:05:36","slug":"manillar-renthal-twinwall","status":"publish","type":"product","link":"https:\/\/difrenos.com\/index.php\/producto\/manillar-renthal-twinwall\/","title":{"rendered":"MANILLAR RENTHAL TWINWALL"},"content":{"rendered":"<p>MANILLAR RENTHAL TWINWALL. Dos manillares en uno. El exterior garantiza la m\u00e1xima resistencia a los da\u00f1os externos (por ejemplo, por ca\u00edda). Anodizado duro adicional contra la corrosi\u00f3n. El interior, de una aleaci\u00f3n especial, tambi\u00e9n cuenta con un anodizado duro para protegerlo de da\u00f1os causados por los mandos del manillar. Los insertos de nailon del tubo interior permiten reducir el grosor de la pared. Muy buenas propiedades de flexi\u00f3n. Se entrega con protector de manillarRenthal Twinwall 996. Dimensiones: A = 118 mm, B = 811 mm, C = 74 mm<\/p>\n","protected":false},"excerpt":{"rendered":"<p>MANILLAR RENTHAL TWINWALL. Dos manillares en uno. El exterior garantiza la m\u00e1xima resistencia a los da\u00f1os externos (por ejemplo, por ca\u00edda). Anodizado duro adicional contra la corrosi\u00f3n. El interior, de una aleaci\u00f3n especial, tambi\u00e9n cuenta con un anodizado duro para protegerlo de da\u00f1os causados por los mandos del manillar. Los insertos de nailon del tubo [&hellip;]<\/p>\n","protected":false},"featured_media":12403,"template":"","meta":{"_et_pb_use_builder":"","_et_pb_old_content":"","_et_gb_content_width":""},"product_cat":[792],"product_tag":[],"_links":{"self":[{"href":"https:\/\/difrenos.com\/index.php\/wp-json\/wp\/v2\/product\/12402"}],"collection":[{"href":"https:\/\/difrenos.com\/index.php\/wp-json\/wp\/v2\/product"}],"about":[{"href":"https:\/\/difrenos.com\/index.php\/wp-json\/wp\/v2\/types\/product"}],"wp:featuredmedia":[{"embeddable":true,"href":"https:\/\/difrenos.com\/index.php\/wp-json\/wp\/v2\/media\/12403"}],"wp:attachment":[{"href":"https:\/\/difrenos.com\/index.php\/wp-json\/wp\/v2\/media?parent=12402"}],"wp:term":[{"taxonomy":"product_cat","embeddable":true,"href":"https:\/\/difrenos.com\/index.php\/wp-json\/wp\/v2\/product_cat?post=12402"},{"taxonomy":"product_tag","embeddable":true,"href":"https:\/\/difrenos.com\/index.php\/wp-json\/wp\/v2\/product_tag?post=12402"}],"curies":[{"name":"wp","href":"https:\/\/api.w.org\/{rel}","templated":true}]}}