{"id":12391,"date":"2024-09-09T14:17:32","date_gmt":"2024-09-09T14:17:32","guid":{"rendered":"https:\/\/difrenos.com\/?post_type=product&#038;p=12391"},"modified":"2026-03-19T14:07:39","modified_gmt":"2026-03-19T14:07:39","slug":"kit-de-radiador-factory-racing","status":"publish","type":"product","link":"https:\/\/difrenos.com\/index.php\/producto\/kit-de-radiador-factory-racing\/","title":{"rendered":"KIT DE RADIADOR FACTORY RACING"},"content":{"rendered":"<p>KIT DE RADIADOR FACTORY RACING. VALIDO PARA HUSQVARNA FC 250\/350 \u00b419-\u00b422 y GAS GAS MC\/EC 250\/350 F\u00a0 \u00b421-\u00b423.<\/p>\n<p>Radiadores especiales de f\u00e1brica. Refrigeraci\u00f3n m\u00e1s eficiente gracias a una superficie m\u00e1s grande. Incluye mangueras de radiador y protecci\u00f3n de radiador especiales.<\/p>\n","protected":false},"excerpt":{"rendered":"<p>KIT DE RADIADOR FACTORY RACING. VALIDO PARA HUSQVARNA FC 250\/350 \u00b419-\u00b422 y GAS GAS MC\/EC 250\/350 F\u00a0 \u00b421-\u00b423. Radiadores especiales de f\u00e1brica. Refrigeraci\u00f3n m\u00e1s eficiente gracias a una superficie m\u00e1s grande. Incluye mangueras de radiador y protecci\u00f3n de radiador especiales.<\/p>\n","protected":false},"featured_media":12397,"template":"","meta":{"_et_pb_use_builder":"","_et_pb_old_content":"","_et_gb_content_width":""},"product_cat":[791],"product_tag":[],"_links":{"self":[{"href":"https:\/\/difrenos.com\/index.php\/wp-json\/wp\/v2\/product\/12391"}],"collection":[{"href":"https:\/\/difrenos.com\/index.php\/wp-json\/wp\/v2\/product"}],"about":[{"href":"https:\/\/difrenos.com\/index.php\/wp-json\/wp\/v2\/types\/product"}],"wp:featuredmedia":[{"embeddable":true,"href":"https:\/\/difrenos.com\/index.php\/wp-json\/wp\/v2\/media\/12397"}],"wp:attachment":[{"href":"https:\/\/difrenos.com\/index.php\/wp-json\/wp\/v2\/media?parent=12391"}],"wp:term":[{"taxonomy":"product_cat","embeddable":true,"href":"https:\/\/difrenos.com\/index.php\/wp-json\/wp\/v2\/product_cat?post=12391"},{"taxonomy":"product_tag","embeddable":true,"href":"https:\/\/difrenos.com\/index.php\/wp-json\/wp\/v2\/product_tag?post=12391"}],"curies":[{"name":"wp","href":"https:\/\/api.w.org\/{rel}","templated":true}]}}