{"id":12382,"date":"2024-09-09T12:07:47","date_gmt":"2024-09-09T12:07:47","guid":{"rendered":"https:\/\/difrenos.com\/?post_type=product&#038;p=12382"},"modified":"2026-03-20T12:10:34","modified_gmt":"2026-03-20T12:10:34","slug":"asiento-ergo-pasajero-norden-901","status":"publish","type":"product","link":"https:\/\/difrenos.com\/index.php\/producto\/asiento-ergo-pasajero-norden-901\/","title":{"rendered":"ASIENTO ERGO PASAJERO NORDEN 901"},"content":{"rendered":"<p>Asiento Ergo pasajero HUSQVARNA NORDEN 901. Dise\u00f1o elegante. Aspecto exclusivo. Adaptaci\u00f3n perfecta. Montaje plug &amp; playCalefacci\u00f3n del asiento: regulable en tres niveles. Calefacci\u00f3n del asiento: r\u00e1pida generaci\u00f3n de calor y larga vida \u00fatil gracias al elemento calefactor de Kevlar. El funcionamiento de la calefacci\u00f3n del asiento se controla con un interruptor separado que se monta directamente al lado del asiento del pasajero Ergo. Para el montaje en el modelo Norden 901 Expedition no se requieren art\u00edculos adicionales (la unidad de control de la calefacci\u00f3n y el asiento del piloto Ergo ya vienen montados de serie)<\/p>\n","protected":false},"excerpt":{"rendered":"<p>Asiento Ergo pasajero HUSQVARNA NORDEN 901. Dise\u00f1o elegante. Aspecto exclusivo. Adaptaci\u00f3n perfecta. Montaje plug &amp; playCalefacci\u00f3n del asiento: regulable en tres niveles. Calefacci\u00f3n del asiento: r\u00e1pida generaci\u00f3n de calor y larga vida \u00fatil gracias al elemento calefactor de Kevlar. El funcionamiento de la calefacci\u00f3n del asiento se controla con un interruptor separado que se monta [&hellip;]<\/p>\n","protected":false},"featured_media":12383,"template":"","meta":{"_et_pb_use_builder":"","_et_pb_old_content":"","_et_gb_content_width":""},"product_cat":[218],"product_tag":[],"_links":{"self":[{"href":"https:\/\/difrenos.com\/index.php\/wp-json\/wp\/v2\/product\/12382"}],"collection":[{"href":"https:\/\/difrenos.com\/index.php\/wp-json\/wp\/v2\/product"}],"about":[{"href":"https:\/\/difrenos.com\/index.php\/wp-json\/wp\/v2\/types\/product"}],"wp:featuredmedia":[{"embeddable":true,"href":"https:\/\/difrenos.com\/index.php\/wp-json\/wp\/v2\/media\/12383"}],"wp:attachment":[{"href":"https:\/\/difrenos.com\/index.php\/wp-json\/wp\/v2\/media?parent=12382"}],"wp:term":[{"taxonomy":"product_cat","embeddable":true,"href":"https:\/\/difrenos.com\/index.php\/wp-json\/wp\/v2\/product_cat?post=12382"},{"taxonomy":"product_tag","embeddable":true,"href":"https:\/\/difrenos.com\/index.php\/wp-json\/wp\/v2\/product_tag?post=12382"}],"curies":[{"name":"wp","href":"https:\/\/api.w.org\/{rel}","templated":true}]}}