{"id":12373,"date":"2024-09-09T11:56:17","date_gmt":"2024-09-09T11:56:17","guid":{"rendered":"https:\/\/difrenos.com\/?post_type=product&#038;p=12373"},"modified":"2026-03-20T11:50:15","modified_gmt":"2026-03-20T11:50:15","slug":"protector-anticaidas-gas-gas-700","status":"publish","type":"product","link":"https:\/\/difrenos.com\/index.php\/producto\/protector-anticaidas-gas-gas-700\/","title":{"rendered":"PROTECTOR ANTICAIDAS GAS GAS 700 (76912968044C1)"},"content":{"rendered":"<p>Protector anticaidas GAS GAS 700 Enduro y Supermotard del 2022 al 2024. Bridas de acero con recubrimiento de pl\u00e1stico. Sistema de fijaci\u00f3n extremadamente resistente. Extremadamente robusto. Integrado perfectamente en la motocicleta. Ofrece una protecci\u00f3n \u00f3ptima<\/p>\n","protected":false},"excerpt":{"rendered":"<p>Protector anticaidas GAS GAS 700 Enduro y Supermotard del 2022 al 2024. Bridas de acero con recubrimiento de pl\u00e1stico. Sistema de fijaci\u00f3n extremadamente resistente. Extremadamente robusto. Integrado perfectamente en la motocicleta. Ofrece una protecci\u00f3n \u00f3ptima<\/p>\n","protected":false},"featured_media":12374,"template":"","meta":{"_et_pb_use_builder":"","_et_pb_old_content":"","_et_gb_content_width":""},"product_cat":[789,170],"product_tag":[],"_links":{"self":[{"href":"https:\/\/difrenos.com\/index.php\/wp-json\/wp\/v2\/product\/12373"}],"collection":[{"href":"https:\/\/difrenos.com\/index.php\/wp-json\/wp\/v2\/product"}],"about":[{"href":"https:\/\/difrenos.com\/index.php\/wp-json\/wp\/v2\/types\/product"}],"wp:featuredmedia":[{"embeddable":true,"href":"https:\/\/difrenos.com\/index.php\/wp-json\/wp\/v2\/media\/12374"}],"wp:attachment":[{"href":"https:\/\/difrenos.com\/index.php\/wp-json\/wp\/v2\/media?parent=12373"}],"wp:term":[{"taxonomy":"product_cat","embeddable":true,"href":"https:\/\/difrenos.com\/index.php\/wp-json\/wp\/v2\/product_cat?post=12373"},{"taxonomy":"product_tag","embeddable":true,"href":"https:\/\/difrenos.com\/index.php\/wp-json\/wp\/v2\/product_tag?post=12373"}],"curies":[{"name":"wp","href":"https:\/\/api.w.org\/{rel}","templated":true}]}}