{"id":12371,"date":"2024-09-09T11:50:02","date_gmt":"2024-09-09T11:50:02","guid":{"rendered":"https:\/\/difrenos.com\/?post_type=product&#038;p=12371"},"modified":"2026-03-17T18:33:48","modified_gmt":"2026-03-17T18:33:48","slug":"soporte-matricula-husqvarna-701","status":"publish","type":"product","link":"https:\/\/difrenos.com\/index.php\/producto\/soporte-matricula-husqvarna-701\/","title":{"rendered":"SOPORTE MATRICULA HUSQVARNA 701"},"content":{"rendered":"<p>Soporte matricula corto HUSQVARNA 701 A PARTIR 2016. Soporte de matr\u00edcula m\u00e1s corto. Aspecto est\u00e9tico destacado. Integrado perfectamente en la motocicleta. Proporciona el protagonismo perfecto a la esbelta secci\u00f3n trasera. No homologado.<\/p>\n","protected":false},"excerpt":{"rendered":"<p>Soporte matricula corto HUSQVARNA 701 A PARTIR 2016. Soporte de matr\u00edcula m\u00e1s corto. Aspecto est\u00e9tico destacado. Integrado perfectamente en la motocicleta. Proporciona el protagonismo perfecto a la esbelta secci\u00f3n trasera. No homologado.<\/p>\n","protected":false},"featured_media":12372,"template":"","meta":{"_et_pb_use_builder":"","_et_pb_old_content":"","_et_gb_content_width":""},"product_cat":[788],"product_tag":[],"_links":{"self":[{"href":"https:\/\/difrenos.com\/index.php\/wp-json\/wp\/v2\/product\/12371"}],"collection":[{"href":"https:\/\/difrenos.com\/index.php\/wp-json\/wp\/v2\/product"}],"about":[{"href":"https:\/\/difrenos.com\/index.php\/wp-json\/wp\/v2\/types\/product"}],"wp:featuredmedia":[{"embeddable":true,"href":"https:\/\/difrenos.com\/index.php\/wp-json\/wp\/v2\/media\/12372"}],"wp:attachment":[{"href":"https:\/\/difrenos.com\/index.php\/wp-json\/wp\/v2\/media?parent=12371"}],"wp:term":[{"taxonomy":"product_cat","embeddable":true,"href":"https:\/\/difrenos.com\/index.php\/wp-json\/wp\/v2\/product_cat?post=12371"},{"taxonomy":"product_tag","embeddable":true,"href":"https:\/\/difrenos.com\/index.php\/wp-json\/wp\/v2\/product_tag?post=12371"}],"curies":[{"name":"wp","href":"https:\/\/api.w.org\/{rel}","templated":true}]}}