{"id":12353,"date":"2024-09-09T08:35:01","date_gmt":"2024-09-09T08:35:01","guid":{"rendered":"https:\/\/difrenos.com\/?post_type=product&#038;p=12353"},"modified":"2026-03-20T13:40:17","modified_gmt":"2026-03-20T13:40:17","slug":"asiento-bajo-gas-gas-enduro","status":"publish","type":"product","link":"https:\/\/difrenos.com\/index.php\/producto\/asiento-bajo-gas-gas-enduro\/","title":{"rendered":"ASIENTO BAJO GAS GAS ENDURO"},"content":{"rendered":"<p>ASIENTO BAJO GAS GAS ENDURO.<\/p>\n<p>VALIDO PARA MC\/EC\/EX A PARTIR \u00b421<\/p>\n<p>M\u00e1s bajo en comparaci\u00f3n con el asiento de serie (-15MM). Capa protectora resistente. Permite tambi\u00e9n a los conductores de menor talla contar con la altura \u00f3ptima del asiento<\/p>\n","protected":false},"excerpt":{"rendered":"<p>ASIENTO BAJO GAS GAS ENDURO. VALIDO PARA MC\/EC\/EX A PARTIR \u00b421 M\u00e1s bajo en comparaci\u00f3n con el asiento de serie (-15MM). Capa protectora resistente. Permite tambi\u00e9n a los conductores de menor talla contar con la altura \u00f3ptima del asiento<\/p>\n","protected":false},"featured_media":12355,"template":"","meta":{"_et_pb_use_builder":"","_et_pb_old_content":"","_et_gb_content_width":""},"product_cat":[218],"product_tag":[],"_links":{"self":[{"href":"https:\/\/difrenos.com\/index.php\/wp-json\/wp\/v2\/product\/12353"}],"collection":[{"href":"https:\/\/difrenos.com\/index.php\/wp-json\/wp\/v2\/product"}],"about":[{"href":"https:\/\/difrenos.com\/index.php\/wp-json\/wp\/v2\/types\/product"}],"wp:featuredmedia":[{"embeddable":true,"href":"https:\/\/difrenos.com\/index.php\/wp-json\/wp\/v2\/media\/12355"}],"wp:attachment":[{"href":"https:\/\/difrenos.com\/index.php\/wp-json\/wp\/v2\/media?parent=12353"}],"wp:term":[{"taxonomy":"product_cat","embeddable":true,"href":"https:\/\/difrenos.com\/index.php\/wp-json\/wp\/v2\/product_cat?post=12353"},{"taxonomy":"product_tag","embeddable":true,"href":"https:\/\/difrenos.com\/index.php\/wp-json\/wp\/v2\/product_tag?post=12353"}],"curies":[{"name":"wp","href":"https:\/\/api.w.org\/{rel}","templated":true}]}}