{"id":12351,"date":"2024-09-09T08:02:56","date_gmt":"2024-09-09T08:02:56","guid":{"rendered":"https:\/\/difrenos.com\/?post_type=product&#038;p=12351"},"modified":"2026-03-24T13:25:35","modified_gmt":"2026-03-24T13:25:35","slug":"abs-dongle-kit","status":"publish","type":"product","link":"https:\/\/difrenos.com\/index.php\/producto\/abs-dongle-kit\/","title":{"rendered":"ABS DONGLE KIT"},"content":{"rendered":"<p>ABS DONGLE KIT PARA HUSQVARNA 701 A PARTIR 2016. Modo ABS 1: La funci\u00f3n ABS solo est\u00e1 activa en la rueda delantera (ABS de un canal). Modo ABS 2: La funci\u00f3n ABS est\u00e1 desactivada y permanece desactivada incluso tras volver a conectar el sistema de encendido. Al conectar el dongle se activa autom\u00e1ticamente el modo ABS 1.Se recomienda mantener activas las funciones del ABS siempre que se circule por la v\u00eda p\u00fablica.<\/p>\n","protected":false},"excerpt":{"rendered":"<p>ABS DONGLE KIT PARA HUSQVARNA 701 A PARTIR 2016. Modo ABS 1: La funci\u00f3n ABS solo est\u00e1 activa en la rueda delantera (ABS de un canal). Modo ABS 2: La funci\u00f3n ABS est\u00e1 desactivada y permanece desactivada incluso tras volver a conectar el sistema de encendido. Al conectar el dongle se activa autom\u00e1ticamente el modo [&hellip;]<\/p>\n","protected":false},"featured_media":12352,"template":"","meta":{"_et_pb_use_builder":"","_et_pb_old_content":"","_et_gb_content_width":""},"product_cat":[786],"product_tag":[],"_links":{"self":[{"href":"https:\/\/difrenos.com\/index.php\/wp-json\/wp\/v2\/product\/12351"}],"collection":[{"href":"https:\/\/difrenos.com\/index.php\/wp-json\/wp\/v2\/product"}],"about":[{"href":"https:\/\/difrenos.com\/index.php\/wp-json\/wp\/v2\/types\/product"}],"wp:featuredmedia":[{"embeddable":true,"href":"https:\/\/difrenos.com\/index.php\/wp-json\/wp\/v2\/media\/12352"}],"wp:attachment":[{"href":"https:\/\/difrenos.com\/index.php\/wp-json\/wp\/v2\/media?parent=12351"}],"wp:term":[{"taxonomy":"product_cat","embeddable":true,"href":"https:\/\/difrenos.com\/index.php\/wp-json\/wp\/v2\/product_cat?post=12351"},{"taxonomy":"product_tag","embeddable":true,"href":"https:\/\/difrenos.com\/index.php\/wp-json\/wp\/v2\/product_tag?post=12351"}],"curies":[{"name":"wp","href":"https:\/\/api.w.org\/{rel}","templated":true}]}}