{"id":12348,"date":"2024-09-09T07:58:21","date_gmt":"2024-09-09T07:58:21","guid":{"rendered":"https:\/\/difrenos.com\/?post_type=product&#038;p=12348"},"modified":"2026-04-18T15:48:21","modified_gmt":"2026-04-18T15:48:21","slug":"sistema-de-control-de-presion-de-los-neumaticos","status":"publish","type":"product","link":"https:\/\/difrenos.com\/index.php\/producto\/sistema-de-control-de-presion-de-los-neumaticos\/","title":{"rendered":"SISTEMA DE CONTROL DE PRESI\u00d3N DE LOS NEUM\u00c1TICOS"},"content":{"rendered":"<p>SISTEMA DE CONTROL DE PRESI\u00d3N DE LOS NEUM\u00c1TICOS NORDEN 901. La funci\u00f3n se debe activar con la herramienta XC2 una vez realizado el montaje. Aumento significativo de la seguridad. La presi\u00f3n de aire de los neum\u00e1ticos se puede mostrar en la pantalla digital. Advierte al conductor en caso de p\u00e9rdida de presi\u00f3n, por ejemplo, debido a un neum\u00e1tico da\u00f1ado.<\/p>\n","protected":false},"excerpt":{"rendered":"<p>SISTEMA DE CONTROL DE PRESI\u00d3N DE LOS NEUM\u00c1TICOS NORDEN 901. La funci\u00f3n se debe activar con la herramienta XC2 una vez realizado el montaje. Aumento significativo de la seguridad. La presi\u00f3n de aire de los neum\u00e1ticos se puede mostrar en la pantalla digital. Advierte al conductor en caso de p\u00e9rdida de presi\u00f3n, por ejemplo, debido [&hellip;]<\/p>\n","protected":false},"featured_media":12349,"template":"","meta":{"_et_pb_use_builder":"","_et_pb_old_content":"","_et_gb_content_width":""},"product_cat":[786],"product_tag":[],"_links":{"self":[{"href":"https:\/\/difrenos.com\/index.php\/wp-json\/wp\/v2\/product\/12348"}],"collection":[{"href":"https:\/\/difrenos.com\/index.php\/wp-json\/wp\/v2\/product"}],"about":[{"href":"https:\/\/difrenos.com\/index.php\/wp-json\/wp\/v2\/types\/product"}],"wp:featuredmedia":[{"embeddable":true,"href":"https:\/\/difrenos.com\/index.php\/wp-json\/wp\/v2\/media\/12349"}],"wp:attachment":[{"href":"https:\/\/difrenos.com\/index.php\/wp-json\/wp\/v2\/media?parent=12348"}],"wp:term":[{"taxonomy":"product_cat","embeddable":true,"href":"https:\/\/difrenos.com\/index.php\/wp-json\/wp\/v2\/product_cat?post=12348"},{"taxonomy":"product_tag","embeddable":true,"href":"https:\/\/difrenos.com\/index.php\/wp-json\/wp\/v2\/product_tag?post=12348"}],"curies":[{"name":"wp","href":"https:\/\/api.w.org\/{rel}","templated":true}]}}