{"id":12325,"date":"2024-09-05T16:47:43","date_gmt":"2024-09-05T16:47:43","guid":{"rendered":"https:\/\/difrenos.com\/?post_type=product&#038;p=12325"},"modified":"2024-09-12T13:34:52","modified_gmt":"2024-09-12T13:34:52","slug":"pantalon-interior-con-proteccion-husqvarna-impact-3df-5-0husqvarna","status":"publish","type":"product","link":"https:\/\/difrenos.com\/index.php\/producto\/pantalon-interior-con-proteccion-husqvarna-impact-3df-5-0husqvarna\/","title":{"rendered":"PANTALON INTERIOR CON PROTECCION HUSQVARNA IMPACT 3DF 5.0HUSQVARNA"},"content":{"rendered":"<p><a href=\"https:\/\/www.greenlandmx.es\/es\/marcas\/husqvarna\"><img class=\"product-brand\" src=\"https:\/\/www.greenlandmx.es\/dw\/image\/v2\/BCRS_PRD\/on\/demandware.static\/-\/Sites-greenland_ES-site-catalog\/default\/dw85d19f34\/brands\/HUSQVARNA.png?sw=90&amp;sh=60&amp;sm=fit\" alt=\"HUSQVARNA\" \/><\/a><\/p>\n<div class=\"product-number\">\n<div>Ref:\u00a0<span data-masterid=\"3HS2000213-MP\">3HS20002130X<\/span><\/div>\n<div>\n<p>&#8211; Pantalones cortos protectores ajustados<br \/>\n&#8211; Tejido de PE fino, transpirable y ventilado<br \/>\n&#8211; Cinta con franja de silicona antideslizante<br \/>\n&#8211; Dise\u00f1o de ajuste ce\u00f1ido para usar por debajo de la ropa<br \/>\n&#8211; Cintura confortable con segmento el\u00e1stico<br \/>\n&#8211; Exclusivo para Husqvarna Motorcycles by LEATT<\/p>\n<p>Materiales:<br \/>\n18% EVA, 14% nylon, 3% otros, 11% poli\u00e9ster, 54% poliuretano<\/p>\n<\/div>\n<div><\/div>\n<\/div>\n","protected":false},"excerpt":{"rendered":"<p>Ref:\u00a03HS20002130X &#8211; Pantalones cortos protectores ajustados &#8211; Tejido de PE fino, transpirable y ventilado &#8211; Cinta con franja de silicona antideslizante &#8211; Dise\u00f1o de ajuste ce\u00f1ido para usar por debajo de la ropa &#8211; Cintura confortable con segmento el\u00e1stico &#8211; Exclusivo para Husqvarna Motorcycles by LEATT Materiales: 18% EVA, 14% nylon, 3% otros, 11% poli\u00e9ster, [&hellip;]<\/p>\n","protected":false},"featured_media":12329,"template":"","meta":{"_et_pb_use_builder":"","_et_pb_old_content":"","_et_gb_content_width":""},"product_cat":[33,753],"product_tag":[],"_links":{"self":[{"href":"https:\/\/difrenos.com\/index.php\/wp-json\/wp\/v2\/product\/12325"}],"collection":[{"href":"https:\/\/difrenos.com\/index.php\/wp-json\/wp\/v2\/product"}],"about":[{"href":"https:\/\/difrenos.com\/index.php\/wp-json\/wp\/v2\/types\/product"}],"wp:featuredmedia":[{"embeddable":true,"href":"https:\/\/difrenos.com\/index.php\/wp-json\/wp\/v2\/media\/12329"}],"wp:attachment":[{"href":"https:\/\/difrenos.com\/index.php\/wp-json\/wp\/v2\/media?parent=12325"}],"wp:term":[{"taxonomy":"product_cat","embeddable":true,"href":"https:\/\/difrenos.com\/index.php\/wp-json\/wp\/v2\/product_cat?post=12325"},{"taxonomy":"product_tag","embeddable":true,"href":"https:\/\/difrenos.com\/index.php\/wp-json\/wp\/v2\/product_tag?post=12325"}],"curies":[{"name":"wp","href":"https:\/\/api.w.org\/{rel}","templated":true}]}}