{"id":12295,"date":"2024-09-03T06:56:48","date_gmt":"2024-09-03T06:56:48","guid":{"rendered":"https:\/\/difrenos.com\/?post_type=product&#038;p=12295"},"modified":"2026-03-20T13:40:58","modified_gmt":"2026-03-20T13:40:58","slug":"kit-de-graficos-rockstar-17-19-te-fe","status":"publish","type":"product","link":"https:\/\/difrenos.com\/index.php\/producto\/kit-de-graficos-rockstar-17-19-te-fe\/","title":{"rendered":"KIT DE GRAFICOS ROCKSTAR `17-`19 TE\/FE"},"content":{"rendered":"<p>KIT DE GRAFICOS ROCKSTAR `17-`19 TE\/FE. Dise\u00f1ado para cambiar completamente el aspecto original de tu motocicleta. Pega el kit de gr\u00e1ficos directamente sobre las piezas del carenado de serie. Se puede volver a quitar sin dejar restos. Fabricaci\u00f3n con materiales de la m\u00e1s alta calidad. Aspecto est\u00e9tico destacado. Adaptaci\u00f3n perfecta. Personaliza el aspecto de tu motocicleta<\/p>\n","protected":false},"excerpt":{"rendered":"<p>KIT DE GRAFICOS ROCKSTAR `17-`19 TE\/FE. Dise\u00f1ado para cambiar completamente el aspecto original de tu motocicleta. Pega el kit de gr\u00e1ficos directamente sobre las piezas del carenado de serie. Se puede volver a quitar sin dejar restos. Fabricaci\u00f3n con materiales de la m\u00e1s alta calidad. Aspecto est\u00e9tico destacado. Adaptaci\u00f3n perfecta. Personaliza el aspecto de tu [&hellip;]<\/p>\n","protected":false},"featured_media":12296,"template":"","meta":{"_et_pb_use_builder":"","_et_pb_old_content":"","_et_gb_content_width":""},"product_cat":[785],"product_tag":[],"_links":{"self":[{"href":"https:\/\/difrenos.com\/index.php\/wp-json\/wp\/v2\/product\/12295"}],"collection":[{"href":"https:\/\/difrenos.com\/index.php\/wp-json\/wp\/v2\/product"}],"about":[{"href":"https:\/\/difrenos.com\/index.php\/wp-json\/wp\/v2\/types\/product"}],"wp:featuredmedia":[{"embeddable":true,"href":"https:\/\/difrenos.com\/index.php\/wp-json\/wp\/v2\/media\/12296"}],"wp:attachment":[{"href":"https:\/\/difrenos.com\/index.php\/wp-json\/wp\/v2\/media?parent=12295"}],"wp:term":[{"taxonomy":"product_cat","embeddable":true,"href":"https:\/\/difrenos.com\/index.php\/wp-json\/wp\/v2\/product_cat?post=12295"},{"taxonomy":"product_tag","embeddable":true,"href":"https:\/\/difrenos.com\/index.php\/wp-json\/wp\/v2\/product_tag?post=12295"}],"curies":[{"name":"wp","href":"https:\/\/api.w.org\/{rel}","templated":true}]}}