{"id":12277,"date":"2024-09-02T16:40:31","date_gmt":"2024-09-02T16:40:31","guid":{"rendered":"https:\/\/difrenos.com\/?post_type=product&#038;p=12277"},"modified":"2026-03-20T13:32:50","modified_gmt":"2026-03-20T13:32:50","slug":"asiento-conductor-ergo-svartpilen","status":"publish","type":"product","link":"https:\/\/difrenos.com\/index.php\/producto\/asiento-conductor-ergo-svartpilen\/","title":{"rendered":"ASIENTO CONDUCTOR ERGO SVARTPILEN"},"content":{"rendered":"<p>ASIENTO CONDUCTOR ERGO SVARTPILEN HASTA \u00b423. Dise\u00f1o elegante. Adecuado para viajes de larga distancia. Aspecto exclusivo .Adaptaci\u00f3n perfecta .Montaje plug &amp; play. Asiento dise\u00f1ado a medida para un aspecto sin concesiones. El interior de espuma garantiza un confort duradero.<\/p>\n","protected":false},"excerpt":{"rendered":"<p>ASIENTO CONDUCTOR ERGO SVARTPILEN HASTA \u00b423. Dise\u00f1o elegante. Adecuado para viajes de larga distancia. Aspecto exclusivo .Adaptaci\u00f3n perfecta .Montaje plug &amp; play. Asiento dise\u00f1ado a medida para un aspecto sin concesiones. El interior de espuma garantiza un confort duradero.<\/p>\n","protected":false},"featured_media":12278,"template":"","meta":{"_et_pb_use_builder":"","_et_pb_old_content":"","_et_gb_content_width":""},"product_cat":[218],"product_tag":[],"_links":{"self":[{"href":"https:\/\/difrenos.com\/index.php\/wp-json\/wp\/v2\/product\/12277"}],"collection":[{"href":"https:\/\/difrenos.com\/index.php\/wp-json\/wp\/v2\/product"}],"about":[{"href":"https:\/\/difrenos.com\/index.php\/wp-json\/wp\/v2\/types\/product"}],"wp:featuredmedia":[{"embeddable":true,"href":"https:\/\/difrenos.com\/index.php\/wp-json\/wp\/v2\/media\/12278"}],"wp:attachment":[{"href":"https:\/\/difrenos.com\/index.php\/wp-json\/wp\/v2\/media?parent=12277"}],"wp:term":[{"taxonomy":"product_cat","embeddable":true,"href":"https:\/\/difrenos.com\/index.php\/wp-json\/wp\/v2\/product_cat?post=12277"},{"taxonomy":"product_tag","embeddable":true,"href":"https:\/\/difrenos.com\/index.php\/wp-json\/wp\/v2\/product_tag?post=12277"}],"curies":[{"name":"wp","href":"https:\/\/api.w.org\/{rel}","templated":true}]}}