{"id":12172,"date":"2024-07-24T13:14:05","date_gmt":"2024-07-24T13:14:05","guid":{"rendered":"https:\/\/difrenos.com\/?post_type=product&#038;p=12172"},"modified":"2025-09-26T08:51:21","modified_gmt":"2025-09-26T08:51:21","slug":"oxr-cliqr-soporte-de-telefono-para-motocicleta-soporte-para-dispositivo-ox852","status":"publish","type":"product","link":"https:\/\/difrenos.com\/index.php\/producto\/oxr-cliqr-soporte-de-telefono-para-motocicleta-soporte-para-dispositivo-ox852\/","title":{"rendered":"Soporte Tel\u00e9fono OXR cliqr"},"content":{"rendered":"<h1 class=\"a-size-base-plus a-text-bold\">Referencia: ox852<\/h1>\n<ul class=\"a-unordered-list a-vertical a-spacing-mini\">\n<li class=\"a-spacing-mini\"><span class=\"a-list-item\">Sistema de montaje resistente pero ligero que proporciona una posici\u00f3n de visualizaci\u00f3n \u00f3ptima para tu dispositivo.<\/span><\/li>\n<li class=\"a-spacing-mini\"><span class=\"a-list-item\">El soporte para cabezal CLIQR est\u00e1 dise\u00f1ado para su uso en bicicletas con barras de clip. Se suministra con 5 adaptadores de goma TPR para adaptarse a la mayor\u00eda de los cabezales, lo que permite una posici\u00f3n de montaje central limpia.<\/span><\/li>\n<li class=\"a-spacing-mini\"><span class=\"a-list-item\">Montaje f\u00e1cil y r\u00e1pido con accesorios incluidos.<\/span><\/li>\n<li class=\"a-spacing-mini\"><span class=\"a-list-item\">Compatible con la mayor\u00eda de tel\u00e9fonos, fundas de tel\u00e9fono, dispositivos GPS y c\u00e1maras de acci\u00f3n compactas.<\/span><\/li>\n<li class=\"a-spacing-mini\"><span class=\"a-list-item\">Se adapta a cabezales de 12-23,5 mm y 28-31,5 mm.<\/span><\/li>\n<li class=\"a-spacing-mini\"><span class=\"a-list-item\">Cuerpo y soporte de nailon rellenos de vidrio<\/span><\/li>\n<li class=\"a-spacing-mini\"><span class=\"a-list-item\">Accesorios y accesorios de acero inoxidable<\/span><\/li>\n<li class=\"a-spacing-mini\"><span class=\"a-list-item\">Espaciadores de expansi\u00f3n de goma<\/span><\/li>\n<\/ul>\n","protected":false},"excerpt":{"rendered":"<p>Referencia: ox852 Sistema de montaje resistente pero ligero que proporciona una posici\u00f3n de visualizaci\u00f3n \u00f3ptima para tu dispositivo. El soporte para cabezal CLIQR est\u00e1 dise\u00f1ado para su uso en bicicletas con barras de clip. Se suministra con 5 adaptadores de goma TPR para adaptarse a la mayor\u00eda de los cabezales, lo que permite una posici\u00f3n [&hellip;]<\/p>\n","protected":false},"featured_media":12174,"template":"","meta":{"_et_pb_use_builder":"","_et_pb_old_content":"","_et_gb_content_width":""},"product_cat":[215,33],"product_tag":[445,887],"_links":{"self":[{"href":"https:\/\/difrenos.com\/index.php\/wp-json\/wp\/v2\/product\/12172"}],"collection":[{"href":"https:\/\/difrenos.com\/index.php\/wp-json\/wp\/v2\/product"}],"about":[{"href":"https:\/\/difrenos.com\/index.php\/wp-json\/wp\/v2\/types\/product"}],"wp:featuredmedia":[{"embeddable":true,"href":"https:\/\/difrenos.com\/index.php\/wp-json\/wp\/v2\/media\/12174"}],"wp:attachment":[{"href":"https:\/\/difrenos.com\/index.php\/wp-json\/wp\/v2\/media?parent=12172"}],"wp:term":[{"taxonomy":"product_cat","embeddable":true,"href":"https:\/\/difrenos.com\/index.php\/wp-json\/wp\/v2\/product_cat?post=12172"},{"taxonomy":"product_tag","embeddable":true,"href":"https:\/\/difrenos.com\/index.php\/wp-json\/wp\/v2\/product_tag?post=12172"}],"curies":[{"name":"wp","href":"https:\/\/api.w.org\/{rel}","templated":true}]}}