{"id":12166,"date":"2024-07-24T13:06:10","date_gmt":"2024-07-24T13:06:10","guid":{"rendered":"https:\/\/difrenos.com\/?post_type=product&#038;p=12166"},"modified":"2025-09-26T08:16:10","modified_gmt":"2025-09-26T08:16:10","slug":"oxc-cliqr-soporte-telefono-potencia","status":"publish","type":"product","link":"https:\/\/difrenos.com\/index.php\/producto\/oxc-cliqr-soporte-telefono-potencia\/","title":{"rendered":"Soporte Tel\u00e9fono OXC Cliqr"},"content":{"rendered":"<p>Referencia: ox851<\/p>\n<div class=\"product-description\">\n<h3 class=\"p\">Soporte tel\u00e9fono OXC Cliqr<\/h3>\n<p>Debido a su dise\u00f1o y tama\u00f1o compacto, este soporte de tel\u00e9fono puede montarse en lugares de dif\u00edcil acceso en el manillar o en la potencia (corta) del manillar y en tubos de diferentes di\u00e1metros.<\/p>\n<p>Puedes cambiar el tel\u00e9fono conectado entre una vista vertical y una horizontal. El soporte se sujeta mediante ataduras y una almohadilla 3M (incluida). Adecuado para la mayor\u00eda de los tel\u00e9fonos inteligentes, maletines y sistemas de navegaci\u00f3n.<\/p>\n<p><strong>Especificaciones:<\/strong><br \/>\nDimensiones: 22,5 x 11,4 x 3,7 cm<br \/>\nPosici\u00f3n de montaje: manillar, potencia<br \/>\nDi\u00e1metro del manubrio \/ potencia del manubrio: 25,4 mm\/31,8 mm<br \/>\nCompatible con: tel\u00e9fonos inteligentes, fundas de tel\u00e9fono, sistemas de navegaci\u00f3n<\/p>\n<\/div>\n","protected":false},"excerpt":{"rendered":"<p>Referencia: ox851 Soporte tel\u00e9fono OXC Cliqr Debido a su dise\u00f1o y tama\u00f1o compacto, este soporte de tel\u00e9fono puede montarse en lugares de dif\u00edcil acceso en el manillar o en la potencia (corta) del manillar y en tubos de diferentes di\u00e1metros. Puedes cambiar el tel\u00e9fono conectado entre una vista vertical y una horizontal. El soporte se [&hellip;]<\/p>\n","protected":false},"featured_media":12168,"template":"","meta":{"_et_pb_use_builder":"","_et_pb_old_content":"","_et_gb_content_width":""},"product_cat":[215,33],"product_tag":[445,886],"_links":{"self":[{"href":"https:\/\/difrenos.com\/index.php\/wp-json\/wp\/v2\/product\/12166"}],"collection":[{"href":"https:\/\/difrenos.com\/index.php\/wp-json\/wp\/v2\/product"}],"about":[{"href":"https:\/\/difrenos.com\/index.php\/wp-json\/wp\/v2\/types\/product"}],"wp:featuredmedia":[{"embeddable":true,"href":"https:\/\/difrenos.com\/index.php\/wp-json\/wp\/v2\/media\/12168"}],"wp:attachment":[{"href":"https:\/\/difrenos.com\/index.php\/wp-json\/wp\/v2\/media?parent=12166"}],"wp:term":[{"taxonomy":"product_cat","embeddable":true,"href":"https:\/\/difrenos.com\/index.php\/wp-json\/wp\/v2\/product_cat?post=12166"},{"taxonomy":"product_tag","embeddable":true,"href":"https:\/\/difrenos.com\/index.php\/wp-json\/wp\/v2\/product_tag?post=12166"}],"curies":[{"name":"wp","href":"https:\/\/api.w.org\/{rel}","templated":true}]}}