{"id":12065,"date":"2024-07-11T17:13:11","date_gmt":"2024-07-11T17:13:11","guid":{"rendered":"https:\/\/difrenos.com\/?post_type=product&#038;p=12065"},"modified":"2025-11-19T12:13:56","modified_gmt":"2025-11-19T12:13:56","slug":"coderas-alpinestars-vapor-pro-adulto-talla-s-m","status":"publish","type":"product","link":"https:\/\/difrenos.com\/index.php\/producto\/coderas-alpinestars-vapor-pro-adulto-talla-s-m\/","title":{"rendered":"Coderas Alpinestars Vapor Pro"},"content":{"rendered":"<div class=\"textaco\">\n<p><strong>Innovadoras y ergon\u00f3micamente optimizadas para el pilotaje off-road, las coderas Vapor Pro est\u00e1n confeccionadas en materiales ligeros y muy transpirables que proporcionan altos niveles de protecci\u00f3n, ajuste, articulaci\u00f3n y un mejorado rendimiento frente a los impactos.<\/strong><\/p>\n<\/div>\n<div class=\"separa-10\"><\/div>\n<p><small>Ref. 6502216-106<\/small><\/p>\n","protected":false},"excerpt":{"rendered":"<p>Talla S\/M<\/p>\n","protected":false},"featured_media":12063,"template":"","meta":{"_et_pb_use_builder":"","_et_pb_old_content":"","_et_gb_content_width":""},"product_cat":[33,241,166],"product_tag":[448,309],"_links":{"self":[{"href":"https:\/\/difrenos.com\/index.php\/wp-json\/wp\/v2\/product\/12065"}],"collection":[{"href":"https:\/\/difrenos.com\/index.php\/wp-json\/wp\/v2\/product"}],"about":[{"href":"https:\/\/difrenos.com\/index.php\/wp-json\/wp\/v2\/types\/product"}],"wp:featuredmedia":[{"embeddable":true,"href":"https:\/\/difrenos.com\/index.php\/wp-json\/wp\/v2\/media\/12063"}],"wp:attachment":[{"href":"https:\/\/difrenos.com\/index.php\/wp-json\/wp\/v2\/media?parent=12065"}],"wp:term":[{"taxonomy":"product_cat","embeddable":true,"href":"https:\/\/difrenos.com\/index.php\/wp-json\/wp\/v2\/product_cat?post=12065"},{"taxonomy":"product_tag","embeddable":true,"href":"https:\/\/difrenos.com\/index.php\/wp-json\/wp\/v2\/product_tag?post=12065"}],"curies":[{"name":"wp","href":"https:\/\/api.w.org\/{rel}","templated":true}]}}