{"id":12058,"date":"2024-07-11T17:05:57","date_gmt":"2024-07-11T17:05:57","guid":{"rendered":"https:\/\/difrenos.com\/?post_type=product&#038;p=12058"},"modified":"2026-03-05T11:24:00","modified_gmt":"2026-03-05T11:24:00","slug":"espinilleras-hebo-xtr-junior-m-l","status":"publish","type":"product","link":"https:\/\/difrenos.com\/index.php\/producto\/espinilleras-hebo-xtr-junior-m-l\/","title":{"rendered":"Espinilleras Hebo XTR Junior"},"content":{"rendered":"<p><strong>Descripci\u00f3n y materiales<\/strong><br \/>\n&#8211; Nueva generaci\u00f3n de espinilleras para trial bici de la marca espa\u00f1ola Hebo.<br \/>\n&#8211; Se trata de la versi\u00f3n Junior, adaptada para los riders m\u00e1s peques, de las espinilleras Hebo XTR, que han sido desarrolladas y puestas a prueba durante meses por Abel Mustieles y Vincent Hermance.<br \/>\n&#8211; La protecci\u00f3n frontal utiliza Poliuretano (PU), combinando una alta protecci\u00f3n con gran ligereza y comodidad.<br \/>\n&#8211; La protecci\u00f3n de PU puede extraerse f\u00e1cilmente gracias a un pr\u00e1ctico bolsillo, que resulta ideal para lavarlas.<br \/>\n&#8211; Tejido de rejilla el\u00e1stica superpuesto en la parte trasera, que garantiza un ajuste natural a la forma de la espinilla y evita dejar expuesta la zona.<br \/>\n&#8211; Laterales de malla perforada en tejido de Poli\u00e9ster, transpirable y flexible.<br \/>\n&#8211; Fijaci\u00f3n a modo de calcet\u00edn, sin cierres de ning\u00fan tipo y con 2 bandas el\u00e1sticas de 30mm de silicona en la parte superior e inferior, para evitar que se giren o desplacen verticalmente mientra se pilota.<br \/>\n&#8211; Impresi\u00f3n gr\u00e1fica de alta calidad, con gran resistencia al desgaste.<\/p>\n<p><strong>Tallas<\/strong><br \/>\n&#8211; Disponible en\u00a0 M-L ni\u00f1os aprox. 7-10 a\u00f1os.<\/p>\n","protected":false},"excerpt":{"rendered":"<p>Talla M\/L<\/p>\n","protected":false},"featured_media":12059,"template":"","meta":{"_et_pb_use_builder":"","_et_pb_old_content":"","_et_gb_content_width":""},"product_cat":[220,33,116,167,695],"product_tag":[],"_links":{"self":[{"href":"https:\/\/difrenos.com\/index.php\/wp-json\/wp\/v2\/product\/12058"}],"collection":[{"href":"https:\/\/difrenos.com\/index.php\/wp-json\/wp\/v2\/product"}],"about":[{"href":"https:\/\/difrenos.com\/index.php\/wp-json\/wp\/v2\/types\/product"}],"wp:featuredmedia":[{"embeddable":true,"href":"https:\/\/difrenos.com\/index.php\/wp-json\/wp\/v2\/media\/12059"}],"wp:attachment":[{"href":"https:\/\/difrenos.com\/index.php\/wp-json\/wp\/v2\/media?parent=12058"}],"wp:term":[{"taxonomy":"product_cat","embeddable":true,"href":"https:\/\/difrenos.com\/index.php\/wp-json\/wp\/v2\/product_cat?post=12058"},{"taxonomy":"product_tag","embeddable":true,"href":"https:\/\/difrenos.com\/index.php\/wp-json\/wp\/v2\/product_tag?post=12058"}],"curies":[{"name":"wp","href":"https:\/\/api.w.org\/{rel}","templated":true}]}}