{"id":12049,"date":"2024-07-11T12:32:07","date_gmt":"2024-07-11T12:32:07","guid":{"rendered":"https:\/\/difrenos.com\/?post_type=product&#038;p=12049"},"modified":"2026-02-06T12:07:34","modified_gmt":"2026-02-06T12:07:34","slug":"caja-luz-de-freno-hebo-para-casco-zone-5","status":"publish","type":"product","link":"https:\/\/difrenos.com\/index.php\/producto\/caja-luz-de-freno-hebo-para-casco-zone-5\/","title":{"rendered":"Caja luz de freno Hebo"},"content":{"rendered":"<p>Con la posici\u00f3n de luz de freno y acomplando una caja emisora a tu moto dispondr\u00e1s de una segunda luz de freno, que se activar\u00e1 a la vez que la luz de freno de tu moto.<\/p>\n<p>Esta caja emisora de Hebo se instala en la luz de posici\u00f3n de tu moto, la cual emite una se\u00f1al al dispositivo H00011 (se vende por separado) que estar\u00eda instalado en el casco Hebo Zone 5 y hace que se encienda la luz de freno cuando accionas la palanca de freno de la moto.<\/p>\n","protected":false},"excerpt":{"rendered":"<p>Para casco Zone 5<\/p>\n","protected":false},"featured_media":12050,"template":"","meta":{"_et_pb_use_builder":"","_et_pb_old_content":"","_et_gb_content_width":""},"product_cat":[215,33,711],"product_tag":[445,105],"_links":{"self":[{"href":"https:\/\/difrenos.com\/index.php\/wp-json\/wp\/v2\/product\/12049"}],"collection":[{"href":"https:\/\/difrenos.com\/index.php\/wp-json\/wp\/v2\/product"}],"about":[{"href":"https:\/\/difrenos.com\/index.php\/wp-json\/wp\/v2\/types\/product"}],"wp:featuredmedia":[{"embeddable":true,"href":"https:\/\/difrenos.com\/index.php\/wp-json\/wp\/v2\/media\/12050"}],"wp:attachment":[{"href":"https:\/\/difrenos.com\/index.php\/wp-json\/wp\/v2\/media?parent=12049"}],"wp:term":[{"taxonomy":"product_cat","embeddable":true,"href":"https:\/\/difrenos.com\/index.php\/wp-json\/wp\/v2\/product_cat?post=12049"},{"taxonomy":"product_tag","embeddable":true,"href":"https:\/\/difrenos.com\/index.php\/wp-json\/wp\/v2\/product_tag?post=12049"}],"curies":[{"name":"wp","href":"https:\/\/api.w.org\/{rel}","templated":true}]}}