{"id":12004,"date":"2024-07-03T10:09:06","date_gmt":"2024-07-03T10:09:06","guid":{"rendered":"https:\/\/difrenos.com\/?post_type=product&#038;p=12004"},"modified":"2026-02-23T13:23:10","modified_gmt":"2026-02-23T13:23:10","slug":"thor-mx-cool-sock-blue-green-talla-10-13","status":"publish","type":"product","link":"https:\/\/difrenos.com\/index.php\/producto\/thor-mx-cool-sock-blue-green-talla-10-13\/","title":{"rendered":"Calcetines Thor MX Cool"},"content":{"rendered":"<p>Referencia: 34310272 Talla 10-13<\/p>\n<pre id=\"tw-target-text\" class=\"tw-data-text tw-text-large tw-ta\" dir=\"ltr\" data-placeholder=\"Traducci\u00f3n\" aria-label=\"Texto traducido\" data-ved=\"2ahUKEwjW1JeJ0IqHAxW3BtsEHW0SCIQQ3ewLegQIBRAU\"><span class=\"Y2IQFc\" lang=\"es\">AJUSTE CONFORT El material liviano pero duradero proporciona una sensaci\u00f3n de mayor control.\r\nABSORCI\u00d3N DE LA HUMEDAD Construido con Cool Max\u00ae, un material especial que mantendr\u00e1 su pie m\u00e1s fresco y seco por m\u00e1s tiempo.<\/span><\/pre>\n","protected":false},"excerpt":{"rendered":"<p>Talla 10-13.<\/p>\n","protected":false},"featured_media":12005,"template":"","meta":{"_et_pb_use_builder":"","_et_pb_old_content":"","_et_gb_content_width":""},"product_cat":[215,33,223],"product_tag":[445,810],"_links":{"self":[{"href":"https:\/\/difrenos.com\/index.php\/wp-json\/wp\/v2\/product\/12004"}],"collection":[{"href":"https:\/\/difrenos.com\/index.php\/wp-json\/wp\/v2\/product"}],"about":[{"href":"https:\/\/difrenos.com\/index.php\/wp-json\/wp\/v2\/types\/product"}],"wp:featuredmedia":[{"embeddable":true,"href":"https:\/\/difrenos.com\/index.php\/wp-json\/wp\/v2\/media\/12005"}],"wp:attachment":[{"href":"https:\/\/difrenos.com\/index.php\/wp-json\/wp\/v2\/media?parent=12004"}],"wp:term":[{"taxonomy":"product_cat","embeddable":true,"href":"https:\/\/difrenos.com\/index.php\/wp-json\/wp\/v2\/product_cat?post=12004"},{"taxonomy":"product_tag","embeddable":true,"href":"https:\/\/difrenos.com\/index.php\/wp-json\/wp\/v2\/product_tag?post=12004"}],"curies":[{"name":"wp","href":"https:\/\/api.w.org\/{rel}","templated":true}]}}