{"id":11898,"date":"2024-06-12T14:53:07","date_gmt":"2024-06-12T14:53:07","guid":{"rendered":"https:\/\/difrenos.com\/?post_type=product&#038;p=11898"},"modified":"2025-09-22T12:48:10","modified_gmt":"2025-09-22T12:48:10","slug":"gristal-100-gold-mirror-antifog","status":"publish","type":"product","link":"https:\/\/difrenos.com\/index.php\/producto\/gristal-100-gold-mirror-antifog\/","title":{"rendered":"Cristal 100% Gold Mirror"},"content":{"rendered":"<p>El acabado en espejo reduce al m\u00e1ximo el resplandor bajo condiciones de luminosidad intensa para ofrecer as\u00ed una mayor prestaci\u00f3n y visibilidad.<\/p>\n<p>Cristal o lente: simple<\/p>\n<p>Caracter\u00edsticas: Anti-vaho.<\/p>\n<p>Valido para: Modelo Strata, Accuri y Racecraft.<\/p>\n<p>Color de la lente: Dorado<\/p>\n<p>Referencia original 100%:\u00a051002-009-02<\/p>\n","protected":false},"excerpt":{"rendered":"<p>El acabado en espejo reduce al m\u00e1ximo el resplandor bajo condiciones de luminosidad intensa para ofrecer as\u00ed una mayor prestaci\u00f3n y visibilidad. Cristal o lente: simple Caracter\u00edsticas: Anti-vaho. Valido para: Modelo Strata, Accuri y Racecraft. Color de la lente: Dorado Referencia original 100%:\u00a051002-009-02<\/p>\n","protected":false},"featured_media":11899,"template":"","meta":{"_et_pb_use_builder":"","_et_pb_old_content":"","_et_gb_content_width":""},"product_cat":[731,215,33,257],"product_tag":[665,414],"_links":{"self":[{"href":"https:\/\/difrenos.com\/index.php\/wp-json\/wp\/v2\/product\/11898"}],"collection":[{"href":"https:\/\/difrenos.com\/index.php\/wp-json\/wp\/v2\/product"}],"about":[{"href":"https:\/\/difrenos.com\/index.php\/wp-json\/wp\/v2\/types\/product"}],"wp:featuredmedia":[{"embeddable":true,"href":"https:\/\/difrenos.com\/index.php\/wp-json\/wp\/v2\/media\/11899"}],"wp:attachment":[{"href":"https:\/\/difrenos.com\/index.php\/wp-json\/wp\/v2\/media?parent=11898"}],"wp:term":[{"taxonomy":"product_cat","embeddable":true,"href":"https:\/\/difrenos.com\/index.php\/wp-json\/wp\/v2\/product_cat?post=11898"},{"taxonomy":"product_tag","embeddable":true,"href":"https:\/\/difrenos.com\/index.php\/wp-json\/wp\/v2\/product_tag?post=11898"}],"curies":[{"name":"wp","href":"https:\/\/api.w.org\/{rel}","templated":true}]}}