{"id":11693,"date":"2024-04-29T15:06:22","date_gmt":"2024-04-29T15:06:22","guid":{"rendered":"https:\/\/difrenos.com\/?post_type=product&#038;p=11693"},"modified":"2026-02-02T13:51:37","modified_gmt":"2026-02-02T13:51:37","slug":"zapatillas-hebo-bici-resistence","status":"publish","type":"product","link":"https:\/\/difrenos.com\/index.php\/producto\/zapatillas-hebo-bici-resistence\/","title":{"rendered":"Zapatillas Hebo Bike Resistence"},"content":{"rendered":"<p id=\"js-description\" class=\"txt-base descripcion-length\"><span id=\"desc\">Las zapatillas de resistencia han sido creadas para satisfacer las demandas de All Mountain y Enduro, as\u00ed como las emergentes e-Bikes.<br \/>\nCon las zapatillas Bike Resistence SPS obtienes un buen rendimiento dentro y fuera de la bicicleta. La entresuela de fibra de carbono te permitir\u00e1 un pedaleo eficiente, mientras que la suela de goma Multigrip te dar\u00e1 la confianza que necesitas al caminar sobre rocas y ra\u00edces. La piel de goma y el tal\u00f3n preformado y engomado proteger\u00e1n tus pies de los impactos. Se consigue un ajuste perfecto con el cierre r\u00e1pido Boa\u00ae Fit System L6 y un microajuste preciso.<\/span><br \/>\nCon\u00a0<strong>Hebo<\/strong>\u00a0<strong>Zapatillas MTB Resistance<\/strong>\u00a0te garantizas el mejor equipo posible para la pr\u00e1ctica de\u00a0<strong>ciclismo<\/strong>.<\/p>\n","protected":false},"excerpt":{"rendered":"<p>Las zapatillas de resistencia han sido creadas para satisfacer las demandas de All Mountain y Enduro, as\u00ed como las emergentes e-Bikes. Con las zapatillas Bike Resistence SPS obtienes un buen rendimiento dentro y fuera de la bicicleta. La entresuela de fibra de carbono te permitir\u00e1 un pedaleo eficiente, mientras que la suela de goma Multigrip [&hellip;]<\/p>\n","protected":false},"featured_media":11695,"template":"","meta":{"_et_pb_use_builder":"","_et_pb_old_content":"","_et_gb_content_width":""},"product_cat":[220,33,711,291],"product_tag":[315,105],"_links":{"self":[{"href":"https:\/\/difrenos.com\/index.php\/wp-json\/wp\/v2\/product\/11693"}],"collection":[{"href":"https:\/\/difrenos.com\/index.php\/wp-json\/wp\/v2\/product"}],"about":[{"href":"https:\/\/difrenos.com\/index.php\/wp-json\/wp\/v2\/types\/product"}],"wp:featuredmedia":[{"embeddable":true,"href":"https:\/\/difrenos.com\/index.php\/wp-json\/wp\/v2\/media\/11695"}],"wp:attachment":[{"href":"https:\/\/difrenos.com\/index.php\/wp-json\/wp\/v2\/media?parent=11693"}],"wp:term":[{"taxonomy":"product_cat","embeddable":true,"href":"https:\/\/difrenos.com\/index.php\/wp-json\/wp\/v2\/product_cat?post=11693"},{"taxonomy":"product_tag","embeddable":true,"href":"https:\/\/difrenos.com\/index.php\/wp-json\/wp\/v2\/product_tag?post=11693"}],"curies":[{"name":"wp","href":"https:\/\/api.w.org\/{rel}","templated":true}]}}